{"id":303,"date":"2022-07-28T22:48:07","date_gmt":"2022-07-28T22:48:07","guid":{"rendered":"https:\/\/corporacionsolintec.com\/tiendacr\/?post_type=product&#038;p=303"},"modified":"2022-08-09T20:43:15","modified_gmt":"2022-08-09T20:43:15","slug":"drager-x-plore-p100-filtro-para-aceite-y-particulas-solidas","status":"publish","type":"product","link":"https:\/\/corporacionsolintec.com\/tiendacr\/producto\/drager-x-plore-p100-filtro-para-aceite-y-particulas-solidas\/","title":{"rendered":"Dr\u00e4ger X-plore P100 Filtro para aceite y part\u00edculas s\u00f3lidas"},"content":{"rendered":"<h1 class=\"a-size-base-plus a-text-bold\">Sobre este art\u00edculo<\/h1>\n<ul class=\"a-unordered-list a-vertical a-spacing-mini\">\n<li><span class=\"a-list-item\">Protecci\u00f3n respiratoria P100: los filtros de part\u00edculas a prueba de aceite con clase de protecci\u00f3n P100 protegen contra el aceite y las part\u00edculas s\u00f3lidas y filtran el 99,97 % de las part\u00edculas del aire ambiental. Ideal para su uso y protecci\u00f3n respiratoria cuando se trabaja en entornos polvorientos como barrido, molienda, lijado, corte, mezcla, perforaci\u00f3n, limpieza, demolici\u00f3n, eliminaci\u00f3n de moho, etc.<\/span><\/li>\n<li><span class=\"a-list-item\">Calidad y seguridad: el material del filtro absorbe las part\u00edculas del aire que pasan a trav\u00e9s de la inhalaci\u00f3n. El material del filtro est\u00e1 protegido por una carcasa de pl\u00e1stico resistente<\/span><\/li>\n<li><span class=\"a-list-item\">Excelente campo de visi\u00f3n y f\u00e1cil de usar: el sistema de filtro doble permite posicionamiento lateral de los filtros para un excelente campo de visi\u00f3n. Montaje f\u00e1cil y seguro de los filtros gracias a la conexi\u00f3n tipo bayoneta<\/span><\/li>\n<li><span class=\"a-list-item\">M\u00e1scaras repelentes compatibles: los filtros solo se pueden utilizar con la m\u00e1scara respiradora Dr\u00e4ger X-plore 5500 (se vende por separado) o las m\u00e1scaras respiradoras de media cara Dr\u00e4ger X-plore 3300 y 3500 (se venden por separado). Se necesitan 2 filtros para cada m\u00e1scara respiradora.<\/span><\/li>\n<li><span class=\"a-list-item\">La caja contiene 2 filtros de part\u00edculas P100 aprobados por NIOSH.<br \/>\n<\/span><\/li>\n<\/ul>\n","protected":false},"excerpt":{"rendered":"<p>Sobre este art\u00edculo Protecci\u00f3n respiratoria P100: los filtros de part\u00edculas a prueba de aceite con clase de protecci\u00f3n P100 protegen contra el aceite y las part\u00edculas s\u00f3lidas y filtran el 99,97 % de las part\u00edculas del aire ambiental. Ideal para su uso y protecci\u00f3n respiratoria cuando se trabaja en entornos polvorientos como barrido, molienda, lijado, &hellip;<\/p>\n<p class=\"read-more\"> <a class=\"\" href=\"https:\/\/corporacionsolintec.com\/tiendacr\/producto\/drager-x-plore-p100-filtro-para-aceite-y-particulas-solidas\/\"> <span class=\"screen-reader-text\">Dr\u00e4ger X-plore P100 Filtro para aceite y part\u00edculas s\u00f3lidas<\/span> Leer m\u00e1s &raquo;<\/a><\/p>\n","protected":false},"featured_media":305,"comment_status":"open","ping_status":"closed","template":"","meta":{"site-sidebar-layout":"default","site-content-layout":"default","ast-global-header-display":"","ast-main-header-display":"","ast-hfb-above-header-display":"","ast-hfb-below-header-display":"","ast-hfb-mobile-header-display":"","site-post-title":"","ast-breadcrumbs-content":"","ast-featured-img":"","footer-sml-layout":"","theme-transparent-header-meta":"default","adv-header-id-meta":"","stick-header-meta":"","header-above-stick-meta":"","header-main-stick-meta":"","header-below-stick-meta":""},"product_cat":[25],"product_tag":[],"_links":{"self":[{"href":"https:\/\/corporacionsolintec.com\/tiendacr\/wp-json\/wp\/v2\/product\/303"}],"collection":[{"href":"https:\/\/corporacionsolintec.com\/tiendacr\/wp-json\/wp\/v2\/product"}],"about":[{"href":"https:\/\/corporacionsolintec.com\/tiendacr\/wp-json\/wp\/v2\/types\/product"}],"replies":[{"embeddable":true,"href":"https:\/\/corporacionsolintec.com\/tiendacr\/wp-json\/wp\/v2\/comments?post=303"}],"wp:featuredmedia":[{"embeddable":true,"href":"https:\/\/corporacionsolintec.com\/tiendacr\/wp-json\/wp\/v2\/media\/305"}],"wp:attachment":[{"href":"https:\/\/corporacionsolintec.com\/tiendacr\/wp-json\/wp\/v2\/media?parent=303"}],"wp:term":[{"taxonomy":"product_cat","embeddable":true,"href":"https:\/\/corporacionsolintec.com\/tiendacr\/wp-json\/wp\/v2\/product_cat?post=303"},{"taxonomy":"product_tag","embeddable":true,"href":"https:\/\/corporacionsolintec.com\/tiendacr\/wp-json\/wp\/v2\/product_tag?post=303"}],"curies":[{"name":"wp","href":"https:\/\/api.w.org\/{rel}","templated":true}]}}