{"id":310,"date":"2022-07-28T23:08:00","date_gmt":"2022-07-28T23:08:00","guid":{"rendered":"https:\/\/corporacionsolintec.com\/tiendacr\/?post_type=product&#038;p=310"},"modified":"2022-08-09T21:06:22","modified_gmt":"2022-08-09T21:06:22","slug":"drager-x-plore-pad-n95","status":"publish","type":"product","link":"https:\/\/corporacionsolintec.com\/tiendacr\/producto\/drager-x-plore-pad-n95\/","title":{"rendered":"Dr\u00e4ger X-plore pad N95"},"content":{"rendered":"<h1 class=\"a-size-base-plus a-text-bold\">Sobre este art\u00edculo<\/h1>\n<ul class=\"a-unordered-list a-vertical a-spacing-mini\">\n<li>Combine estas almohadillas de filtro N95 con cartuchos qu\u00edmicos X-plore usando el retenedor de almohadilla de filtro 6738038 para la filtraci\u00f3n de part\u00edculas y para prolongar la vida \u00fatil de sus cartuchos qu\u00edmicos. \u00daselos con el retenedor de la almohadilla de filtro 6738038 y la base de la almohadilla de filtro 6738039 para usarlos como un filtro N95 independiente<\/li>\n<li>Paquete de 2 Unidades<\/li>\n<\/ul>\n","protected":false},"excerpt":{"rendered":"<p>Sobre este art\u00edculo Combine estas almohadillas de filtro N95 con cartuchos qu\u00edmicos X-plore usando el retenedor de almohadilla de filtro 6738038 para la filtraci\u00f3n de part\u00edculas y para prolongar la vida \u00fatil de sus cartuchos qu\u00edmicos. \u00daselos con el retenedor de la almohadilla de filtro 6738038 y la base de la almohadilla de filtro 6738039 &hellip;<\/p>\n<p class=\"read-more\"> <a class=\"\" href=\"https:\/\/corporacionsolintec.com\/tiendacr\/producto\/drager-x-plore-pad-n95\/\"> <span class=\"screen-reader-text\">Dr\u00e4ger X-plore pad N95<\/span> Leer m\u00e1s &raquo;<\/a><\/p>\n","protected":false},"featured_media":311,"comment_status":"open","ping_status":"closed","template":"","meta":{"site-sidebar-layout":"default","site-content-layout":"default","ast-global-header-display":"","ast-main-header-display":"","ast-hfb-above-header-display":"","ast-hfb-below-header-display":"","ast-hfb-mobile-header-display":"","site-post-title":"","ast-breadcrumbs-content":"","ast-featured-img":"","footer-sml-layout":"","theme-transparent-header-meta":"default","adv-header-id-meta":"","stick-header-meta":"","header-above-stick-meta":"","header-main-stick-meta":"","header-below-stick-meta":""},"product_cat":[25],"product_tag":[],"_links":{"self":[{"href":"https:\/\/corporacionsolintec.com\/tiendacr\/wp-json\/wp\/v2\/product\/310"}],"collection":[{"href":"https:\/\/corporacionsolintec.com\/tiendacr\/wp-json\/wp\/v2\/product"}],"about":[{"href":"https:\/\/corporacionsolintec.com\/tiendacr\/wp-json\/wp\/v2\/types\/product"}],"replies":[{"embeddable":true,"href":"https:\/\/corporacionsolintec.com\/tiendacr\/wp-json\/wp\/v2\/comments?post=310"}],"wp:featuredmedia":[{"embeddable":true,"href":"https:\/\/corporacionsolintec.com\/tiendacr\/wp-json\/wp\/v2\/media\/311"}],"wp:attachment":[{"href":"https:\/\/corporacionsolintec.com\/tiendacr\/wp-json\/wp\/v2\/media?parent=310"}],"wp:term":[{"taxonomy":"product_cat","embeddable":true,"href":"https:\/\/corporacionsolintec.com\/tiendacr\/wp-json\/wp\/v2\/product_cat?post=310"},{"taxonomy":"product_tag","embeddable":true,"href":"https:\/\/corporacionsolintec.com\/tiendacr\/wp-json\/wp\/v2\/product_tag?post=310"}],"curies":[{"name":"wp","href":"https:\/\/api.w.org\/{rel}","templated":true}]}}