{"id":325,"date":"2022-07-29T15:02:45","date_gmt":"2022-07-29T15:02:45","guid":{"rendered":"https:\/\/corporacionsolintec.com\/tiendacr\/?post_type=product&#038;p=325"},"modified":"2022-08-09T21:32:01","modified_gmt":"2022-08-09T21:32:01","slug":"drager-x-plore-filtro-de-gas-amoniaco-y-metilamina","status":"publish","type":"product","link":"https:\/\/corporacionsolintec.com\/tiendacr\/producto\/drager-x-plore-filtro-de-gas-amoniaco-y-metilamina\/","title":{"rendered":"Dr\u00e4ger X-plore Filtro de gas Amon\u00edaco y Metilamina"},"content":{"rendered":"<h1 class=\"a-size-base-plus a-text-bold\">Sobre este art\u00edculo<\/h1>\n<ul class=\"a-unordered-list a-vertical a-spacing-mini\">\n<li><span class=\"Y2IQFc\" lang=\"es\">Los cartuchos de gas Dr\u00e4ger X-plore\u00a0 son filtros de gas de protecci\u00f3n respiratoria que protegen contra gases de Amon\u00edaco y Metilamina.<br \/>\n<\/span><\/li>\n<li><span class=\"Y2IQFc\" lang=\"es\">CALIDAD Y SEGURIDAD: La robusta carcasa de pl\u00e1stico de los cartuchos contiene carb\u00f3n vegetal que absorbe los gases relevantes del aire que pasa al inhalar.<\/span><\/li>\n<li><span class=\"Y2IQFc\" lang=\"es\">EXCELENTE CAMPO DE VISI\u00d3N Y F\u00c1CIL DE USAR: El sistema de doble filtro permite el posicionamiento lateral de los filtros para un excelente campo de visi\u00f3n. Montaje f\u00e1cil y seguro de los filtros gracias a la conexi\u00f3n tipo bayoneta.<\/span><\/li>\n<li><span class=\"Y2IQFc\" lang=\"es\">M\u00c1SCARAS DE RESPIRADOR COMPATIBLES: Los filtros solo se pueden usar con la m\u00e1scara de respirador de rostro completo Dr\u00e4ger X-plore 5500 (se vende por separado) o las m\u00e1scaras de respirador de medio rostro Dr\u00e4ger X-plore 3300 y 3500 (se venden por separado). <\/span><\/li>\n<li><span class=\"Y2IQFc\" lang=\"es\">Se necesitan 2 filtros para cada m\u00e1scara de respirador\/durante el uso <\/span><\/li>\n<li><span class=\"Y2IQFc\" lang=\"es\">Los filtros se envasan al vac\u00edo en juegos de 2<\/span><\/li>\n<li>\n<div class=\"attributes-featured-label\" data-ng-bind=\"attributeType.label || attributeType.name\"><span>Certificado <\/span><span>NIOSH<\/span><\/div>\n<\/li>\n<\/ul>\n","protected":false},"excerpt":{"rendered":"<p>Sobre este art\u00edculo Los cartuchos de gas Dr\u00e4ger X-plore\u00a0 son filtros de gas de protecci\u00f3n respiratoria que protegen contra gases de Amon\u00edaco y Metilamina. CALIDAD Y SEGURIDAD: La robusta carcasa de pl\u00e1stico de los cartuchos contiene carb\u00f3n vegetal que absorbe los gases relevantes del aire que pasa al inhalar. EXCELENTE CAMPO DE VISI\u00d3N Y F\u00c1CIL &hellip;<\/p>\n<p class=\"read-more\"> <a class=\"\" href=\"https:\/\/corporacionsolintec.com\/tiendacr\/producto\/drager-x-plore-filtro-de-gas-amoniaco-y-metilamina\/\"> <span class=\"screen-reader-text\">Dr\u00e4ger X-plore Filtro de gas Amon\u00edaco y Metilamina<\/span> Leer m\u00e1s &raquo;<\/a><\/p>\n","protected":false},"featured_media":326,"comment_status":"open","ping_status":"closed","template":"","meta":{"site-sidebar-layout":"default","site-content-layout":"default","ast-global-header-display":"","ast-main-header-display":"","ast-hfb-above-header-display":"","ast-hfb-below-header-display":"","ast-hfb-mobile-header-display":"","site-post-title":"","ast-breadcrumbs-content":"","ast-featured-img":"","footer-sml-layout":"","theme-transparent-header-meta":"default","adv-header-id-meta":"","stick-header-meta":"","header-above-stick-meta":"","header-main-stick-meta":"","header-below-stick-meta":""},"product_cat":[25],"product_tag":[],"_links":{"self":[{"href":"https:\/\/corporacionsolintec.com\/tiendacr\/wp-json\/wp\/v2\/product\/325"}],"collection":[{"href":"https:\/\/corporacionsolintec.com\/tiendacr\/wp-json\/wp\/v2\/product"}],"about":[{"href":"https:\/\/corporacionsolintec.com\/tiendacr\/wp-json\/wp\/v2\/types\/product"}],"replies":[{"embeddable":true,"href":"https:\/\/corporacionsolintec.com\/tiendacr\/wp-json\/wp\/v2\/comments?post=325"}],"wp:featuredmedia":[{"embeddable":true,"href":"https:\/\/corporacionsolintec.com\/tiendacr\/wp-json\/wp\/v2\/media\/326"}],"wp:attachment":[{"href":"https:\/\/corporacionsolintec.com\/tiendacr\/wp-json\/wp\/v2\/media?parent=325"}],"wp:term":[{"taxonomy":"product_cat","embeddable":true,"href":"https:\/\/corporacionsolintec.com\/tiendacr\/wp-json\/wp\/v2\/product_cat?post=325"},{"taxonomy":"product_tag","embeddable":true,"href":"https:\/\/corporacionsolintec.com\/tiendacr\/wp-json\/wp\/v2\/product_tag?post=325"}],"curies":[{"name":"wp","href":"https:\/\/api.w.org\/{rel}","templated":true}]}}