{"id":327,"date":"2022-07-29T15:11:46","date_gmt":"2022-07-29T15:11:46","guid":{"rendered":"https:\/\/corporacionsolintec.com\/tiendacr\/?post_type=product&#038;p=327"},"modified":"2026-03-08T22:10:47","modified_gmt":"2026-03-08T22:10:47","slug":"drager-x-plore-cartucho-multi-gas-ov-ag-hf-fm-cd-am-ma-hs","status":"publish","type":"product","link":"https:\/\/corporacionsolintec.com\/tiendacr\/producto\/drager-x-plore-cartucho-multi-gas-ov-ag-hf-fm-cd-am-ma-hs\/","title":{"rendered":"Dr\u00e4ger X-plore &#8211; Cartucho multi gas OV\/AG\/HF\/FM\/CD\/AM\/MA\/HS"},"content":{"rendered":"<h1 class=\"a-size-base-plus a-text-bold\">Sobre este art\u00edculo<\/h1>\n<p>&nbsp;<\/p>\n<ul>\n<li id=\"tw-target-text\" class=\"tw-data-text tw-text-large tw-ta\" dir=\"ltr\" data-placeholder=\"Traducci\u00f3n\"><span class=\"Y2IQFc\" lang=\"es\">PROTECCI\u00d3N RESPIRATORIA MULTIGAS: Los cartuchos de gas Dr\u00e4ger X-plore OV\/AG\/HF\/FM\/CD\/AM\/MA\/HS son filtros de gas de protecci\u00f3n respiratoria que protegen contra vapores org\u00e1nicos, cloro, cloruro de hidr\u00f3geno, di\u00f3xido de azufre, di\u00f3xido de cloro, hidr\u00f3geno Fluoruro, formaldeh\u00eddo, amon\u00edaco, metilamina, sulfuro de hidr\u00f3geno (OV\/AG\/HF\/FM\/CD\/AM\/MA\/HS) <\/span><\/li>\n<li class=\"tw-data-text tw-text-large tw-ta\" dir=\"ltr\" data-placeholder=\"Traducci\u00f3n\"><span class=\"Y2IQFc\" lang=\"es\">CALIDAD Y SEGURIDAD: La robusta carcasa de pl\u00e1stico de los cartuchos contiene carb\u00f3n vegetal que absorbe los gases relevantes del aire que pasa al inhalar<\/span><\/li>\n<li class=\"tw-data-text tw-text-large tw-ta\" dir=\"ltr\" data-placeholder=\"Traducci\u00f3n\"><span class=\"Y2IQFc\" lang=\"es\">EXCELENTE CAMPO DE VISI\u00d3N Y F\u00c1CIL DE USAR: El sistema de doble filtro permite el posicionamiento lateral de los filtros para un excelente campo de visi\u00f3n. Montaje f\u00e1cil y seguro de los filtros gracias a la conexi\u00f3n tipo bayoneta <\/span><\/li>\n<li class=\"tw-data-text tw-text-large tw-ta\" dir=\"ltr\" data-placeholder=\"Traducci\u00f3n\"><span class=\"Y2IQFc\" lang=\"es\">M\u00c1SCARAS DE RESPIRADOR COMPATIBLES: Los filtros solo se pueden usar con la m\u00e1scara de respirador de rostro completo Dr\u00e4ger X-plore 5500 (se vende por separado) o las m\u00e1scaras de respirador de medio rostro Dr\u00e4ger X-plore 3300 y 3500 (se venden por separado).<br \/>\n<\/span><\/li>\n<li class=\"tw-data-text tw-text-large tw-ta\" dir=\"ltr\" data-placeholder=\"Traducci\u00f3n\"><span class=\"Y2IQFc\" lang=\"es\">Aprobados por NIOSH. <\/span><\/li>\n<li class=\"tw-data-text tw-text-large tw-ta\" dir=\"ltr\" data-placeholder=\"Traducci\u00f3n\"><span class=\"Y2IQFc\" lang=\"es\">Se necesitan 2 filtros para cada uso. Los filtros se envasan al vac\u00edo en juegos de 2<br \/>\n<\/span><\/li>\n<\/ul>\n","protected":false},"excerpt":{"rendered":"<p>Sobre este art\u00edculo &nbsp; PROTECCI\u00d3N RESPIRATORIA MULTIGAS: Los cartuchos de gas Dr\u00e4ger X-plore OV\/AG\/HF\/FM\/CD\/AM\/MA\/HS son filtros de gas de protecci\u00f3n respiratoria que protegen contra vapores org\u00e1nicos, cloro, cloruro de hidr\u00f3geno, di\u00f3xido de azufre, di\u00f3xido de cloro, hidr\u00f3geno Fluoruro, formaldeh\u00eddo, amon\u00edaco, metilamina, sulfuro de hidr\u00f3geno (OV\/AG\/HF\/FM\/CD\/AM\/MA\/HS) CALIDAD Y SEGURIDAD: La robusta carcasa de pl\u00e1stico de los &hellip;<\/p>\n<p class=\"read-more\"> <a class=\"\" href=\"https:\/\/corporacionsolintec.com\/tiendacr\/producto\/drager-x-plore-cartucho-multi-gas-ov-ag-hf-fm-cd-am-ma-hs\/\"> <span class=\"screen-reader-text\">Dr\u00e4ger X-plore &#8211; Cartucho multi gas OV\/AG\/HF\/FM\/CD\/AM\/MA\/HS<\/span> Leer m\u00e1s &raquo;<\/a><\/p>\n","protected":false},"featured_media":330,"comment_status":"open","ping_status":"closed","template":"","meta":{"site-sidebar-layout":"default","site-content-layout":"default","ast-global-header-display":"","ast-main-header-display":"","ast-hfb-above-header-display":"","ast-hfb-below-header-display":"","ast-hfb-mobile-header-display":"","site-post-title":"","ast-breadcrumbs-content":"","ast-featured-img":"","footer-sml-layout":"","theme-transparent-header-meta":"default","adv-header-id-meta":"","stick-header-meta":"","header-above-stick-meta":"","header-main-stick-meta":"","header-below-stick-meta":""},"product_cat":[25],"product_tag":[],"_links":{"self":[{"href":"https:\/\/corporacionsolintec.com\/tiendacr\/wp-json\/wp\/v2\/product\/327"}],"collection":[{"href":"https:\/\/corporacionsolintec.com\/tiendacr\/wp-json\/wp\/v2\/product"}],"about":[{"href":"https:\/\/corporacionsolintec.com\/tiendacr\/wp-json\/wp\/v2\/types\/product"}],"replies":[{"embeddable":true,"href":"https:\/\/corporacionsolintec.com\/tiendacr\/wp-json\/wp\/v2\/comments?post=327"}],"wp:featuredmedia":[{"embeddable":true,"href":"https:\/\/corporacionsolintec.com\/tiendacr\/wp-json\/wp\/v2\/media\/330"}],"wp:attachment":[{"href":"https:\/\/corporacionsolintec.com\/tiendacr\/wp-json\/wp\/v2\/media?parent=327"}],"wp:term":[{"taxonomy":"product_cat","embeddable":true,"href":"https:\/\/corporacionsolintec.com\/tiendacr\/wp-json\/wp\/v2\/product_cat?post=327"},{"taxonomy":"product_tag","embeddable":true,"href":"https:\/\/corporacionsolintec.com\/tiendacr\/wp-json\/wp\/v2\/product_tag?post=327"}],"curies":[{"name":"wp","href":"https:\/\/api.w.org\/{rel}","templated":true}]}}