{"id":332,"date":"2022-07-29T15:24:20","date_gmt":"2022-07-29T15:24:20","guid":{"rendered":"https:\/\/corporacionsolintec.com\/tiendacr\/?post_type=product&#038;p=332"},"modified":"2022-08-09T21:44:55","modified_gmt":"2022-08-09T21:44:55","slug":"drager-x-plore-filtro-ov-p100","status":"publish","type":"product","link":"https:\/\/corporacionsolintec.com\/tiendacr\/producto\/drager-x-plore-filtro-ov-p100\/","title":{"rendered":"Dr\u00e4ger X-plore Filtro OV\/P100"},"content":{"rendered":"<h1 class=\"a-size-base-plus a-text-bold\">Sobre este art\u00edculo<\/h1>\n<p>&nbsp;<\/p>\n<ul>\n<li id=\"tw-target-text\" class=\"tw-data-text tw-text-large tw-ta\" dir=\"ltr\" data-placeholder=\"Traducci\u00f3n\"><span class=\"Y2IQFc\" lang=\"es\">PROTECCI\u00d3N RESPIRATORIA: Los cartuchos combinados Dr\u00e4ger X-plore OV\/P100 son filtros combinados que protegen contra vapores org\u00e1nicos, aceite y part\u00edculas s\u00f3lidas. \u00daselo durante trabajos de pintura, barnizado, limpieza o preparaci\u00f3n que involucren productos qu\u00edmicos de base org\u00e1nica y part\u00edculas l\u00edquidas o s\u00f3lidas. En aplicaciones agr\u00edcolas que involucran la aplicaci\u00f3n de fertilizantes, pesticidas, insecticidas y ciertos fumigantes, trabajos de mantenimiento, soldadura, manejo de heno o grano mohoso, etc. <\/span><\/li>\n<li class=\"tw-data-text tw-text-large tw-ta\" dir=\"ltr\" data-placeholder=\"Traducci\u00f3n\"><span class=\"Y2IQFc\" lang=\"es\">CALIDAD Y SEGURIDAD: La robusta carcasa de pl\u00e1stico de los cartuchos contiene un material filtrante y carb\u00f3n que absorben las part\u00edculas y los vapores org\u00e1nicos del aire que pasa al inhala. <\/span><\/li>\n<li class=\"tw-data-text tw-text-large tw-ta\" dir=\"ltr\" data-placeholder=\"Traducci\u00f3n\"><span class=\"Y2IQFc\" lang=\"es\">EXCELENTE CAMPO DE VISI\u00d3N Y F\u00c1CIL DE USAR: El sistema de doble filtro permite el posicionamiento lateral de los filtros para un excelente campo de visi\u00f3n. Montaje f\u00e1cil y seguro de los filtros gracias a la conexi\u00f3n tipo bayonet. <\/span><\/li>\n<li class=\"tw-data-text tw-text-large tw-ta\" dir=\"ltr\" data-placeholder=\"Traducci\u00f3n\"><span class=\"Y2IQFc\" lang=\"es\">MASCARILLAS DE RESPIRADOR COMPATIBLES: Los filtros solo se pueden usar con la mascarilla de respirador de cara completa Dr\u00e4ger X-plore 5500 (se vende por separado) o las mascarillas de respirador de media cara Dr\u00e4ger X-plore 3300 y 3500 (se venden por separado). <\/span><\/li>\n<li class=\"tw-data-text tw-text-large tw-ta\" dir=\"ltr\" data-placeholder=\"Traducci\u00f3n\"><span class=\"Y2IQFc\" lang=\"es\">Se necesitan 2 filtros para cada m\u00e1scara de respirador. <\/span><\/li>\n<li class=\"tw-data-text tw-text-large tw-ta\" dir=\"ltr\" data-placeholder=\"Traducci\u00f3n\"><span class=\"Y2IQFc\" lang=\"es\">Aprobados por NIOSH. Se necesitan 2 filtros para cada uso. Los filtros se envasan al vac\u00edo en juegos de 2 .<br \/>\n<\/span><\/li>\n<\/ul>\n","protected":false},"excerpt":{"rendered":"<p>Sobre este art\u00edculo &nbsp; PROTECCI\u00d3N RESPIRATORIA: Los cartuchos combinados Dr\u00e4ger X-plore OV\/P100 son filtros combinados que protegen contra vapores org\u00e1nicos, aceite y part\u00edculas s\u00f3lidas. \u00daselo durante trabajos de pintura, barnizado, limpieza o preparaci\u00f3n que involucren productos qu\u00edmicos de base org\u00e1nica y part\u00edculas l\u00edquidas o s\u00f3lidas. En aplicaciones agr\u00edcolas que involucran la aplicaci\u00f3n de fertilizantes, pesticidas, &hellip;<\/p>\n<p class=\"read-more\"> <a class=\"\" href=\"https:\/\/corporacionsolintec.com\/tiendacr\/producto\/drager-x-plore-filtro-ov-p100\/\"> <span class=\"screen-reader-text\">Dr\u00e4ger X-plore Filtro OV\/P100<\/span> Leer m\u00e1s &raquo;<\/a><\/p>\n","protected":false},"featured_media":334,"comment_status":"open","ping_status":"closed","template":"","meta":{"site-sidebar-layout":"default","site-content-layout":"default","ast-global-header-display":"","ast-main-header-display":"","ast-hfb-above-header-display":"","ast-hfb-below-header-display":"","ast-hfb-mobile-header-display":"","site-post-title":"","ast-breadcrumbs-content":"","ast-featured-img":"","footer-sml-layout":"","theme-transparent-header-meta":"default","adv-header-id-meta":"","stick-header-meta":"","header-above-stick-meta":"","header-main-stick-meta":"","header-below-stick-meta":""},"product_cat":[25],"product_tag":[],"_links":{"self":[{"href":"https:\/\/corporacionsolintec.com\/tiendacr\/wp-json\/wp\/v2\/product\/332"}],"collection":[{"href":"https:\/\/corporacionsolintec.com\/tiendacr\/wp-json\/wp\/v2\/product"}],"about":[{"href":"https:\/\/corporacionsolintec.com\/tiendacr\/wp-json\/wp\/v2\/types\/product"}],"replies":[{"embeddable":true,"href":"https:\/\/corporacionsolintec.com\/tiendacr\/wp-json\/wp\/v2\/comments?post=332"}],"wp:featuredmedia":[{"embeddable":true,"href":"https:\/\/corporacionsolintec.com\/tiendacr\/wp-json\/wp\/v2\/media\/334"}],"wp:attachment":[{"href":"https:\/\/corporacionsolintec.com\/tiendacr\/wp-json\/wp\/v2\/media?parent=332"}],"wp:term":[{"taxonomy":"product_cat","embeddable":true,"href":"https:\/\/corporacionsolintec.com\/tiendacr\/wp-json\/wp\/v2\/product_cat?post=332"},{"taxonomy":"product_tag","embeddable":true,"href":"https:\/\/corporacionsolintec.com\/tiendacr\/wp-json\/wp\/v2\/product_tag?post=332"}],"curies":[{"name":"wp","href":"https:\/\/api.w.org\/{rel}","templated":true}]}}