{"id":336,"date":"2022-07-29T15:34:29","date_gmt":"2022-07-29T15:34:29","guid":{"rendered":"https:\/\/corporacionsolintec.com\/tiendacr\/?post_type=product&#038;p=336"},"modified":"2022-08-09T21:49:35","modified_gmt":"2022-08-09T21:49:35","slug":"drager-x-plore-filtro-multi-gas-p100","status":"publish","type":"product","link":"https:\/\/corporacionsolintec.com\/tiendacr\/producto\/drager-x-plore-filtro-multi-gas-p100\/","title":{"rendered":"Dr\u00e4ger X-plore Filtro Multi Gas P100"},"content":{"rendered":"<h1 class=\"a-size-base-plus a-text-bold\">Sobre este art\u00edculo<\/h1>\n<p>&nbsp;<\/p>\n<ul>\n<li id=\"tw-target-text\" class=\"tw-data-text tw-text-large tw-ta\" dir=\"ltr\" data-placeholder=\"Traducci\u00f3n\"><span class=\"Y2IQFc\" lang=\"es\">PROTECCI\u00d3N RESPIRATORIA: El cartucho combinado Dr\u00e4ger X-plore OV\/AG\/HF\/FM\/CD\/P100 son filtros combinados que protegen contra vapores org\u00e1nicos, cloro, cloruro de hidr\u00f3geno, di\u00f3xido de azufre, di\u00f3xido de cloro, fluoruro de hidr\u00f3geno, formaldeh\u00eddo, aceite y part\u00edculas s\u00f3lidas ( VO\/AG\/HF\/FM\/CD\/P100)<\/span><\/li>\n<li class=\"tw-data-text tw-text-large tw-ta\" dir=\"ltr\" data-placeholder=\"Traducci\u00f3n\"><span class=\"Y2IQFc\" lang=\"es\">CALIDAD Y SEGURIDAD: La robusta carcasa de pl\u00e1stico de los cartuchos contiene un material filtrante y carb\u00f3n que absorben las part\u00edculas y los vapores org\u00e1nicos del aire que pasa al inhalar. <\/span><\/li>\n<li class=\"tw-data-text tw-text-large tw-ta\" dir=\"ltr\" data-placeholder=\"Traducci\u00f3n\"><span class=\"Y2IQFc\" lang=\"es\">EXCELENTE CAMPO DE VISI\u00d3N Y F\u00c1CIL DE USAR: El sistema de doble filtro permite el posicionamiento lateral de los filtros para un excelente campo de visi\u00f3n. Montaje f\u00e1cil y seguro de los filtros gracias a la conexi\u00f3n tipo bayoneta <\/span><\/li>\n<li class=\"tw-data-text tw-text-large tw-ta\" dir=\"ltr\" data-placeholder=\"Traducci\u00f3n\"><span class=\"Y2IQFc\" lang=\"es\">MASCARILLAS DE RESPIRADOR COMPATIBLES: Los filtros solo se pueden usar con la mascarilla de respirador de cara completa Dr\u00e4ger X-plore 5500 (se vende por separado) o las mascarillas de respirador de media cara Dr\u00e4ger X-plore 3300 y 3500 (se venden por separado). Se necesitan 2 filtros para cada m\u00e1scara de respirador <\/span><\/li>\n<li class=\"tw-data-text tw-text-large tw-ta\" dir=\"ltr\" data-placeholder=\"Traducci\u00f3n\"><span class=\"Y2IQFc\" lang=\"es\">La caja contiene 2 filtros combinados OV\/AG\/HF\/FM\/CD\/P100 <\/span><\/li>\n<li class=\"tw-data-text tw-text-large tw-ta\" dir=\"ltr\" data-placeholder=\"Traducci\u00f3n\"><span class=\"Y2IQFc\" lang=\"es\">Aprobados por NIOSH. <\/span><\/li>\n<li class=\"tw-data-text tw-text-large tw-ta\" dir=\"ltr\" data-placeholder=\"Traducci\u00f3n\"><span class=\"Y2IQFc\" lang=\"es\">Se necesitan 2 filtros para cada uso. Los filtros se envasan al vac\u00edo en juegos de 2<br \/>\n<\/span><\/li>\n<\/ul>\n","protected":false},"excerpt":{"rendered":"<p>Sobre este art\u00edculo &nbsp; PROTECCI\u00d3N RESPIRATORIA: El cartucho combinado Dr\u00e4ger X-plore OV\/AG\/HF\/FM\/CD\/P100 son filtros combinados que protegen contra vapores org\u00e1nicos, cloro, cloruro de hidr\u00f3geno, di\u00f3xido de azufre, di\u00f3xido de cloro, fluoruro de hidr\u00f3geno, formaldeh\u00eddo, aceite y part\u00edculas s\u00f3lidas ( VO\/AG\/HF\/FM\/CD\/P100) CALIDAD Y SEGURIDAD: La robusta carcasa de pl\u00e1stico de los cartuchos contiene un material filtrante &hellip;<\/p>\n<p class=\"read-more\"> <a class=\"\" href=\"https:\/\/corporacionsolintec.com\/tiendacr\/producto\/drager-x-plore-filtro-multi-gas-p100\/\"> <span class=\"screen-reader-text\">Dr\u00e4ger X-plore Filtro Multi Gas P100<\/span> Leer m\u00e1s &raquo;<\/a><\/p>\n","protected":false},"featured_media":337,"comment_status":"open","ping_status":"closed","template":"","meta":{"site-sidebar-layout":"default","site-content-layout":"default","ast-global-header-display":"","ast-main-header-display":"","ast-hfb-above-header-display":"","ast-hfb-below-header-display":"","ast-hfb-mobile-header-display":"","site-post-title":"","ast-breadcrumbs-content":"","ast-featured-img":"","footer-sml-layout":"","theme-transparent-header-meta":"default","adv-header-id-meta":"","stick-header-meta":"","header-above-stick-meta":"","header-main-stick-meta":"","header-below-stick-meta":""},"product_cat":[25],"product_tag":[],"_links":{"self":[{"href":"https:\/\/corporacionsolintec.com\/tiendacr\/wp-json\/wp\/v2\/product\/336"}],"collection":[{"href":"https:\/\/corporacionsolintec.com\/tiendacr\/wp-json\/wp\/v2\/product"}],"about":[{"href":"https:\/\/corporacionsolintec.com\/tiendacr\/wp-json\/wp\/v2\/types\/product"}],"replies":[{"embeddable":true,"href":"https:\/\/corporacionsolintec.com\/tiendacr\/wp-json\/wp\/v2\/comments?post=336"}],"wp:featuredmedia":[{"embeddable":true,"href":"https:\/\/corporacionsolintec.com\/tiendacr\/wp-json\/wp\/v2\/media\/337"}],"wp:attachment":[{"href":"https:\/\/corporacionsolintec.com\/tiendacr\/wp-json\/wp\/v2\/media?parent=336"}],"wp:term":[{"taxonomy":"product_cat","embeddable":true,"href":"https:\/\/corporacionsolintec.com\/tiendacr\/wp-json\/wp\/v2\/product_cat?post=336"},{"taxonomy":"product_tag","embeddable":true,"href":"https:\/\/corporacionsolintec.com\/tiendacr\/wp-json\/wp\/v2\/product_tag?post=336"}],"curies":[{"name":"wp","href":"https:\/\/api.w.org\/{rel}","templated":true}]}}