{"id":392,"date":"2022-08-01T15:19:30","date_gmt":"2022-08-01T15:19:30","guid":{"rendered":"https:\/\/corporacionsolintec.com\/tiendacr\/?post_type=product&#038;p=392"},"modified":"2022-08-01T15:28:04","modified_gmt":"2022-08-01T15:28:04","slug":"drager-x-plore-3500","status":"publish","type":"product","link":"https:\/\/corporacionsolintec.com\/tiendacr\/producto\/drager-x-plore-3500\/","title":{"rendered":"Dr\u00e4ger X-plore 3500"},"content":{"rendered":"<h1 class=\"a-size-base-plus a-text-bold\">Sobre este art\u00edculo<\/h1>\n<ul class=\"a-unordered-list a-vertical a-spacing-mini\">\n<li><span class=\"a-list-item\">RESPIRACI\u00d3N F\u00c1CIL: La v\u00e1lvula y la gran superficie de los filtros disponibles por separado garantizan una baja resistencia a la respiraci\u00f3n y una f\u00e1cil entrada de aire con un alto rendimiento del filtro.<\/span><\/li>\n<li><span class=\"a-list-item\">VISI\u00d3N LIBRE AL TRABAJAR: La forma ergon\u00f3mica garantiza un gran campo de visi\u00f3n y permite su uso por parte de personas que llevan gafas.<\/span><\/li>\n<li><span class=\"a-list-item\">Cierre: Cierre de bayoneta<\/span><\/li>\n<li><span class=\"a-list-item\">Seguro,Suave<\/span><\/li>\n<li><span class=\"a-list-item\">COMODIDAD: El cuerpo suave de la m\u00e1scara, con zona nasal flexible, garantiza un ajuste extrafuerte sin dejar marcas de presi\u00f3n en la cara durante el trabajo prolongado. La ara\u00f1a de cabeza flexible tambi\u00e9n garantiza comodidad de uso. El cierre del cuello permite quitarse la m\u00e1scara sin tener que quitarse alg\u00fan casco de seguridad que utilice.<\/span><\/li>\n<li><span class=\"a-list-item\">R\u00c1PIDA SUSTITUCI\u00d3N DEL FILTRO: Cierre de bayoneta seguro con puntos de marcado en el filtro y la m\u00e1scara para una conexi\u00f3n r\u00e1pida y segura.<\/span><\/li>\n<li><span class=\"a-list-item\">SUMINISTRO: 1X m\u00e1scara respiratoria Dr\u00e4ger X-plore 3500 en talla M (el filtro se vende por separado).<\/span><\/li>\n<\/ul>\n","protected":false},"excerpt":{"rendered":"<p>Sobre este art\u00edculo RESPIRACI\u00d3N F\u00c1CIL: La v\u00e1lvula y la gran superficie de los filtros disponibles por separado garantizan una baja resistencia a la respiraci\u00f3n y una f\u00e1cil entrada de aire con un alto rendimiento del filtro. VISI\u00d3N LIBRE AL TRABAJAR: La forma ergon\u00f3mica garantiza un gran campo de visi\u00f3n y permite su uso por parte &hellip;<\/p>\n<p class=\"read-more\"> <a class=\"\" href=\"https:\/\/corporacionsolintec.com\/tiendacr\/producto\/drager-x-plore-3500\/\"> <span class=\"screen-reader-text\">Dr\u00e4ger X-plore 3500<\/span> Leer m\u00e1s &raquo;<\/a><\/p>\n","protected":false},"featured_media":394,"comment_status":"open","ping_status":"closed","template":"","meta":{"site-sidebar-layout":"default","site-content-layout":"default","ast-global-header-display":"","ast-main-header-display":"","ast-hfb-above-header-display":"","ast-hfb-below-header-display":"","ast-hfb-mobile-header-display":"","site-post-title":"","ast-breadcrumbs-content":"","ast-featured-img":"","footer-sml-layout":"","theme-transparent-header-meta":"default","adv-header-id-meta":"","stick-header-meta":"","header-above-stick-meta":"","header-main-stick-meta":"","header-below-stick-meta":""},"product_cat":[26],"product_tag":[],"_links":{"self":[{"href":"https:\/\/corporacionsolintec.com\/tiendacr\/wp-json\/wp\/v2\/product\/392"}],"collection":[{"href":"https:\/\/corporacionsolintec.com\/tiendacr\/wp-json\/wp\/v2\/product"}],"about":[{"href":"https:\/\/corporacionsolintec.com\/tiendacr\/wp-json\/wp\/v2\/types\/product"}],"replies":[{"embeddable":true,"href":"https:\/\/corporacionsolintec.com\/tiendacr\/wp-json\/wp\/v2\/comments?post=392"}],"wp:featuredmedia":[{"embeddable":true,"href":"https:\/\/corporacionsolintec.com\/tiendacr\/wp-json\/wp\/v2\/media\/394"}],"wp:attachment":[{"href":"https:\/\/corporacionsolintec.com\/tiendacr\/wp-json\/wp\/v2\/media?parent=392"}],"wp:term":[{"taxonomy":"product_cat","embeddable":true,"href":"https:\/\/corporacionsolintec.com\/tiendacr\/wp-json\/wp\/v2\/product_cat?post=392"},{"taxonomy":"product_tag","embeddable":true,"href":"https:\/\/corporacionsolintec.com\/tiendacr\/wp-json\/wp\/v2\/product_tag?post=392"}],"curies":[{"name":"wp","href":"https:\/\/api.w.org\/{rel}","templated":true}]}}