{"id":395,"date":"2022-08-01T15:36:43","date_gmt":"2022-08-01T15:36:43","guid":{"rendered":"https:\/\/corporacionsolintec.com\/tiendacr\/?post_type=product&#038;p=395"},"modified":"2022-08-01T15:50:03","modified_gmt":"2022-08-01T15:50:03","slug":"drager-x-plore-3300-set-para-pintor","status":"publish","type":"product","link":"https:\/\/corporacionsolintec.com\/tiendacr\/producto\/drager-x-plore-3300-set-para-pintor\/","title":{"rendered":"Dr\u00e4ger X-plore\u00ae 3300 Kit para Pintor"},"content":{"rendered":"<h1 id=\"title\" class=\"a-size-large a-spacing-none\"><span id=\"productTitle\" class=\"a-size-large product-title-word-break\">Dr\u00e4ger X-plore 3300 semim\u00e1scara + filtros de Cartucho A2 P3 RD | Respirador de Seguridad homologado | Trabajos de Pintura y Agricultura contra fumigantes, insecticidas, tintes.<\/span><\/h1>\n<p>&nbsp;<\/p>\n<h2 class=\"a-size-base-plus a-text-bold\">Acerca de este producto<\/h2>\n<ul class=\"a-unordered-list a-vertical a-spacing-mini\">\n<li><span class=\"a-list-item\">M\u00c1XIMA COMODIDAD: La facial cubierta X-plore 3300, certificada seg\u00fan NIOSH, es ligera, f\u00e1cil de colocar y c\u00f3moda de llevar. El \u00e1rea flexible de la nariz proporciona comodidad y buen sellado.<\/span><\/li>\n<li><span class=\"a-list-item\">RENDIMIENTO FILTRANTE: La m\u00e1scara de respiraci\u00f3n est\u00e1 equipada con una alta clase de protecci\u00f3n respirar tranquilamente ante gases, vapores org\u00e1nicos, fumigantes y part\u00edculas, gracias a sus filtros incluidos.<\/span><\/li>\n<li><span class=\"a-list-item\">DISE\u00d1O PR\u00c1CTICO: Para asegurar una distribuci\u00f3n uniforme al apretarlo, las correas FlexiFit del arn\u00e9s de cabeza, utilizan un patr\u00f3n entrecruzado. Los filtros remplazables tienen un cierre de bayoneta r\u00e1pido de abrir que facilita poner- y quitarse la mascarilla r\u00e1pidamente.<\/span><\/li>\n<li><span class=\"a-list-item\">CAMPOS DE APLICACI\u00d3N: Para manejo de pintura trabajos con metal, de pintura y agricultura, construcci\u00f3n, carpinter\u00eda, fabricaci\u00f3n de pl\u00e1sticos y gesti\u00f3n de desechos biol\u00f3gicos, lijados, limpiezas.<\/span><\/li>\n<li><span class=\"a-list-item\">COMPATIBILIDAD: Las mascaras de seguridad X-plore 3300 permiten el uso de diversas gafas de seguridad, como la serie X-pect 8000 de Dr\u00e4ger. Adem\u00e1s, con los cartuchos de filtros remplazables, siempre podr\u00e1 adaptar su protecci\u00f3n respiratoria y cular a la situaci\u00f3n ante mano.<\/span><\/li>\n<\/ul>\n","protected":false},"excerpt":{"rendered":"<p>Dr\u00e4ger X-plore 3300 semim\u00e1scara + filtros de Cartucho A2 P3 RD | Respirador de Seguridad homologado | Trabajos de Pintura y Agricultura contra fumigantes, insecticidas, tintes. &nbsp; Acerca de este producto M\u00c1XIMA COMODIDAD: La facial cubierta X-plore 3300, certificada seg\u00fan NIOSH, es ligera, f\u00e1cil de colocar y c\u00f3moda de llevar. El \u00e1rea flexible de la &hellip;<\/p>\n<p class=\"read-more\"> <a class=\"\" href=\"https:\/\/corporacionsolintec.com\/tiendacr\/producto\/drager-x-plore-3300-set-para-pintor\/\"> <span class=\"screen-reader-text\">Dr\u00e4ger X-plore\u00ae 3300 Kit para Pintor<\/span> Leer m\u00e1s &raquo;<\/a><\/p>\n","protected":false},"featured_media":396,"comment_status":"open","ping_status":"closed","template":"","meta":{"site-sidebar-layout":"default","site-content-layout":"default","ast-global-header-display":"","ast-main-header-display":"","ast-hfb-above-header-display":"","ast-hfb-below-header-display":"","ast-hfb-mobile-header-display":"","site-post-title":"","ast-breadcrumbs-content":"","ast-featured-img":"","footer-sml-layout":"","theme-transparent-header-meta":"default","adv-header-id-meta":"","stick-header-meta":"","header-above-stick-meta":"","header-main-stick-meta":"","header-below-stick-meta":""},"product_cat":[26],"product_tag":[],"_links":{"self":[{"href":"https:\/\/corporacionsolintec.com\/tiendacr\/wp-json\/wp\/v2\/product\/395"}],"collection":[{"href":"https:\/\/corporacionsolintec.com\/tiendacr\/wp-json\/wp\/v2\/product"}],"about":[{"href":"https:\/\/corporacionsolintec.com\/tiendacr\/wp-json\/wp\/v2\/types\/product"}],"replies":[{"embeddable":true,"href":"https:\/\/corporacionsolintec.com\/tiendacr\/wp-json\/wp\/v2\/comments?post=395"}],"wp:featuredmedia":[{"embeddable":true,"href":"https:\/\/corporacionsolintec.com\/tiendacr\/wp-json\/wp\/v2\/media\/396"}],"wp:attachment":[{"href":"https:\/\/corporacionsolintec.com\/tiendacr\/wp-json\/wp\/v2\/media?parent=395"}],"wp:term":[{"taxonomy":"product_cat","embeddable":true,"href":"https:\/\/corporacionsolintec.com\/tiendacr\/wp-json\/wp\/v2\/product_cat?post=395"},{"taxonomy":"product_tag","embeddable":true,"href":"https:\/\/corporacionsolintec.com\/tiendacr\/wp-json\/wp\/v2\/product_tag?post=395"}],"curies":[{"name":"wp","href":"https:\/\/api.w.org\/{rel}","templated":true}]}}