{"id":400,"date":"2022-08-01T15:43:42","date_gmt":"2022-08-01T15:43:42","guid":{"rendered":"https:\/\/corporacionsolintec.com\/tiendacr\/?post_type=product&#038;p=400"},"modified":"2022-08-01T15:43:42","modified_gmt":"2022-08-01T15:43:42","slug":"drager-x-plore-3300-kit-trabajo-quimico","status":"publish","type":"product","link":"https:\/\/corporacionsolintec.com\/tiendacr\/producto\/drager-x-plore-3300-kit-trabajo-quimico\/","title":{"rendered":"Dr\u00e4ger X-Plore 3300 Kit Trabajo Qu\u00edmico"},"content":{"rendered":"<h1 id=\"title\" class=\"a-size-large a-spacing-none\"><span id=\"productTitle\" class=\"a-size-large product-title-word-break\">Dr\u00e4ger X-Plore 3300 Semi m\u00e1scara con filtros de cartuchos A1B1E1K1 Hg P3 R D | Mascara de protecci\u00f3n para qu\u00edmicos, vapor, conservantes, pesticidas, herbicidas | Respirador homologado para laboratorio<\/span><\/h1>\n<p>&nbsp;<\/p>\n<h2 class=\"a-size-base-plus a-text-bold\">Acerca de este producto<\/h2>\n<ul class=\"a-unordered-list a-vertical a-spacing-mini\">\n<li><span class=\"a-list-item\">M\u00c1XIMA COMODIDAD: La facial cubierta X-plore 3300, certificada seg\u00fan NIOSH, es ligera, f\u00e1cil de colocar y c\u00f3moda de llevar. El \u00e1rea flexible de la nariz proporciona comodidad y buen sellado.<\/span><\/li>\n<li><span class=\"a-list-item\">RENDIMIENTO FILTRANTE: La m\u00e1scara de respiraci\u00f3n est\u00e1 equipada con la clase de protecci\u00f3n m\u00e1s alta para respirar tranquilamente ante gases, vapores org\u00e1nicos y de agentes qu\u00edmicos disolventes y de part\u00edculas, gracias a sus filtros incluidos.<\/span><\/li>\n<li><span class=\"a-list-item\">Elast\u00f3mero termopl\u00e1stico &amp; Polipropileno<\/span><\/li>\n<li><span class=\"a-list-item\">Cierre: Correas<\/span><\/li>\n<li><span class=\"a-list-item\">Pr\u00e1ctico,Comodidad,Ligera,C\u00f3moda,Flexible<\/span><\/li>\n<li><span class=\"a-list-item\">DISE\u00d1O PR\u00c1CTICO: Para asegurar una distribuci\u00f3n uniforme al apretarlo, las correas FlexiFit del arn\u00e9s de cabeza, utilizan un patr\u00f3n entrecruzado. Los filtros ABEK1 tienen un cierre de bayoneta r\u00e1pido de abrir que facilita poner- y quitarse la mascarilla.<\/span><\/li>\n<li><span class=\"a-list-item\">CAMPOS DE APLICACI\u00d3N: Entre otros para manejo de sustancias qu\u00edmicas, trabajos con metal, de pintura y agricultura, construcci\u00f3n, carpinter\u00eda, fabricaci\u00f3n de pl\u00e1sticos y gesti\u00f3n de desechos biol\u00f3gicos, lijados, limpiezas.<\/span><\/li>\n<li><span class=\"a-list-item\">COMPATIBILIDAD: Las mascaras de seguridad X-plore 3300 permiten el uso de diversas gafas de seguridad, como la serie X-pect 8000 de Dr\u00e4ger. Adem\u00e1s, con los cartuchos de filtros remplazables, siempre podr\u00e1 adaptar su protecci\u00f3n respiratoria y cular a la situaci\u00f3n ante mano.<\/span><\/li>\n<\/ul>\n","protected":false},"excerpt":{"rendered":"<p>Dr\u00e4ger X-Plore 3300 Semi m\u00e1scara con filtros de cartuchos A1B1E1K1 Hg P3 R D | Mascara de protecci\u00f3n para qu\u00edmicos, vapor, conservantes, pesticidas, herbicidas | Respirador homologado para laboratorio &nbsp; Acerca de este producto M\u00c1XIMA COMODIDAD: La facial cubierta X-plore 3300, certificada seg\u00fan NIOSH, es ligera, f\u00e1cil de colocar y c\u00f3moda de llevar. El \u00e1rea &hellip;<\/p>\n<p class=\"read-more\"> <a class=\"\" href=\"https:\/\/corporacionsolintec.com\/tiendacr\/producto\/drager-x-plore-3300-kit-trabajo-quimico\/\"> <span class=\"screen-reader-text\">Dr\u00e4ger X-Plore 3300 Kit Trabajo Qu\u00edmico<\/span> Leer m\u00e1s &raquo;<\/a><\/p>\n","protected":false},"featured_media":401,"comment_status":"open","ping_status":"closed","template":"","meta":{"site-sidebar-layout":"default","site-content-layout":"default","ast-global-header-display":"","ast-main-header-display":"","ast-hfb-above-header-display":"","ast-hfb-below-header-display":"","ast-hfb-mobile-header-display":"","site-post-title":"","ast-breadcrumbs-content":"","ast-featured-img":"","footer-sml-layout":"","theme-transparent-header-meta":"default","adv-header-id-meta":"","stick-header-meta":"","header-above-stick-meta":"","header-main-stick-meta":"","header-below-stick-meta":""},"product_cat":[26],"product_tag":[],"_links":{"self":[{"href":"https:\/\/corporacionsolintec.com\/tiendacr\/wp-json\/wp\/v2\/product\/400"}],"collection":[{"href":"https:\/\/corporacionsolintec.com\/tiendacr\/wp-json\/wp\/v2\/product"}],"about":[{"href":"https:\/\/corporacionsolintec.com\/tiendacr\/wp-json\/wp\/v2\/types\/product"}],"replies":[{"embeddable":true,"href":"https:\/\/corporacionsolintec.com\/tiendacr\/wp-json\/wp\/v2\/comments?post=400"}],"wp:featuredmedia":[{"embeddable":true,"href":"https:\/\/corporacionsolintec.com\/tiendacr\/wp-json\/wp\/v2\/media\/401"}],"wp:attachment":[{"href":"https:\/\/corporacionsolintec.com\/tiendacr\/wp-json\/wp\/v2\/media?parent=400"}],"wp:term":[{"taxonomy":"product_cat","embeddable":true,"href":"https:\/\/corporacionsolintec.com\/tiendacr\/wp-json\/wp\/v2\/product_cat?post=400"},{"taxonomy":"product_tag","embeddable":true,"href":"https:\/\/corporacionsolintec.com\/tiendacr\/wp-json\/wp\/v2\/product_tag?post=400"}],"curies":[{"name":"wp","href":"https:\/\/api.w.org\/{rel}","templated":true}]}}