{"id":405,"date":"2022-08-01T15:44:39","date_gmt":"2022-08-01T15:44:39","guid":{"rendered":"https:\/\/corporacionsolintec.com\/tiendacr\/?post_type=product&#038;p=405"},"modified":"2022-08-01T15:48:40","modified_gmt":"2022-08-01T15:48:40","slug":"drager-x-plore-3300-kit-trabajo-construccion","status":"publish","type":"product","link":"https:\/\/corporacionsolintec.com\/tiendacr\/producto\/drager-x-plore-3300-kit-trabajo-construccion\/","title":{"rendered":"Dr\u00e4ger X-Plore 3300 Kit Trabajo Construcci\u00f3n"},"content":{"rendered":"<h1 id=\"title\" class=\"a-size-large a-spacing-none\"><span id=\"productTitle\" class=\"a-size-large product-title-word-break\">Dr\u00e4ger X-plore 3300 Semim\u00e1scara antipolvo de protecci\u00f3n respiratoria con 2 filtros de part\u00edculas P3 R | Mascarilla cubierta facial para construcci\u00f3n, bricolaje, carpinteria, lijado de madera<\/span><\/h1>\n<h1 id=\"title\" class=\"a-size-large a-spacing-none\"><span id=\"productTitle\" class=\"a-size-large product-title-word-break\">\u00a0<\/span><\/h1>\n<p>&nbsp;<\/p>\n<h2 class=\"a-size-base-plus a-text-bold\">Acerca de este producto<\/h2>\n<ul class=\"a-unordered-list a-vertical a-spacing-mini\">\n<li><span class=\"a-list-item\">MAYOR VISIBILIDAD: Este juego de respirador y 2 filtros de bayoneta combinan confort e innovaci\u00f3n en compactamente, permitiendo tener un campo de visi\u00f3n m\u00e1s panor\u00e1mico, sin obst\u00e1culos.<\/span><\/li>\n<li><span class=\"a-list-item\">COMODIDAD FIABLE: Esta m\u00e1scara est\u00e1 hecha de Soft-TPE, un material especial, suave y agradable a la piel, que permite usar la mascarilla de media cara por mucho m\u00e1s tiempo sin molestias.<\/span><\/li>\n<li><span class=\"a-list-item\">Pr\u00e1ctico,Confort,Comodidad,C\u00f3moda,Suave<\/span><\/li>\n<li><span class=\"a-list-item\">SEGURIDAD C\u00d3MODA: La mascarilla X-plore 3300 es flexible y ergon\u00f3mica en el \u00e1rea de la nariz, permitiendo trabajar con lijadoras, en el taller de carpinter\u00eda o bricolaje de forma c\u00f3moda y segura.<\/span><\/li>\n<li><span class=\"a-list-item\">DISE\u00d1O PR\u00c1CTICO: El arn\u00e9s de la cabeza utiliza un patr\u00f3n entrecruzado para una distribuci\u00f3n homog\u00e9nea del peso al apretarlo que no ejerce presi\u00f3n, ni siquiera debajo del casco.<\/span><\/li>\n<li><span class=\"a-list-item\">RESPIRACI\u00d3N SEGURA: Este set contiene una m\u00e1scara de protecci\u00f3n respiratoria y dos cartuchos de filtros de clase de protecci\u00f3n P3.<\/span><\/li>\n<\/ul>\n","protected":false},"excerpt":{"rendered":"<p>Dr\u00e4ger X-plore 3300 Semim\u00e1scara antipolvo de protecci\u00f3n respiratoria con 2 filtros de part\u00edculas P3 R | Mascarilla cubierta facial para construcci\u00f3n, bricolaje, carpinteria, lijado de madera \u00a0 &nbsp; Acerca de este producto MAYOR VISIBILIDAD: Este juego de respirador y 2 filtros de bayoneta combinan confort e innovaci\u00f3n en compactamente, permitiendo tener un campo de visi\u00f3n &hellip;<\/p>\n<p class=\"read-more\"> <a class=\"\" href=\"https:\/\/corporacionsolintec.com\/tiendacr\/producto\/drager-x-plore-3300-kit-trabajo-construccion\/\"> <span class=\"screen-reader-text\">Dr\u00e4ger X-Plore 3300 Kit Trabajo Construcci\u00f3n<\/span> Leer m\u00e1s &raquo;<\/a><\/p>\n","protected":false},"featured_media":411,"comment_status":"open","ping_status":"closed","template":"","meta":{"site-sidebar-layout":"default","site-content-layout":"default","ast-global-header-display":"","ast-main-header-display":"","ast-hfb-above-header-display":"","ast-hfb-below-header-display":"","ast-hfb-mobile-header-display":"","site-post-title":"","ast-breadcrumbs-content":"","ast-featured-img":"","footer-sml-layout":"","theme-transparent-header-meta":"default","adv-header-id-meta":"","stick-header-meta":"","header-above-stick-meta":"","header-main-stick-meta":"","header-below-stick-meta":""},"product_cat":[26],"product_tag":[],"_links":{"self":[{"href":"https:\/\/corporacionsolintec.com\/tiendacr\/wp-json\/wp\/v2\/product\/405"}],"collection":[{"href":"https:\/\/corporacionsolintec.com\/tiendacr\/wp-json\/wp\/v2\/product"}],"about":[{"href":"https:\/\/corporacionsolintec.com\/tiendacr\/wp-json\/wp\/v2\/types\/product"}],"replies":[{"embeddable":true,"href":"https:\/\/corporacionsolintec.com\/tiendacr\/wp-json\/wp\/v2\/comments?post=405"}],"wp:featuredmedia":[{"embeddable":true,"href":"https:\/\/corporacionsolintec.com\/tiendacr\/wp-json\/wp\/v2\/media\/411"}],"wp:attachment":[{"href":"https:\/\/corporacionsolintec.com\/tiendacr\/wp-json\/wp\/v2\/media?parent=405"}],"wp:term":[{"taxonomy":"product_cat","embeddable":true,"href":"https:\/\/corporacionsolintec.com\/tiendacr\/wp-json\/wp\/v2\/product_cat?post=405"},{"taxonomy":"product_tag","embeddable":true,"href":"https:\/\/corporacionsolintec.com\/tiendacr\/wp-json\/wp\/v2\/product_tag?post=405"}],"curies":[{"name":"wp","href":"https:\/\/api.w.org\/{rel}","templated":true}]}}