{"id":412,"date":"2022-08-01T16:07:28","date_gmt":"2022-08-01T16:07:28","guid":{"rendered":"https:\/\/corporacionsolintec.com\/tiendacr\/?post_type=product&#038;p=412"},"modified":"2022-08-01T16:07:28","modified_gmt":"2022-08-01T16:07:28","slug":"drager-x-plore-1350","status":"publish","type":"product","link":"https:\/\/corporacionsolintec.com\/tiendacr\/producto\/drager-x-plore-1350\/","title":{"rendered":"Dr\u00e4ger X-plore 1350"},"content":{"rendered":"<h1 class=\"a-size-base-plus a-text-bold\">Sobre este art\u00edculo<\/h1>\n<ul class=\"a-unordered-list a-vertical a-spacing-mini\">\n<li><span class=\"a-list-item\">Protecci\u00f3n respiratoria N95: el respirador de part\u00edculas Dr\u00e4ger X-plore 1350 N95 con certificaci\u00f3n NIOSH es una m\u00e1scara antipolvo N95 moldeada, desechable, filtrando el 95% de las part\u00edculas del aire ambiental. Protecci\u00f3n contra el polvo fino, part\u00edculas s\u00f3lidas y l\u00edquidas. Ayuda, por ejemplo, contra el polen o part\u00edculas de lijado, molienda, carpinter\u00eda y contaminaci\u00f3n del aire. La talla XS es ideal para caras peque\u00f1as<\/span><\/li>\n<li><span class=\"a-list-item\">Arn\u00e9s de cabeza ajustable: gran comodidad gracias al arn\u00e9s de cabeza flexible, resistente a desgarros y ajustable. La m\u00e1scara antipolvo es f\u00e1cil de poner y quitar, creando comodidad con m\u00ednima presi\u00f3n<\/span><\/li>\n<li><span class=\"a-list-item\">Alta comodidad y baja resistencia a la respiraci\u00f3n: el material de la capa interior suave repele la humedad, manteniendo la resistencia a la respiraci\u00f3n constantemente baja, incluso durante largos per\u00edodos de tiempo. El cuerpo de la m\u00e1scara con forma especial ofrece un amplio volumen interior que garantiza una gran comodidad<\/span><\/li>\n<li><span class=\"a-list-item\">Equipo de seguridad compatible: la m\u00e1scara se puede utilizar con otros equipos de protecci\u00f3n personal de Dr\u00e4ger, como los lentes de seguridad Dr\u00e4ger X-pect 8320 o los anteojos de seguridad Draughger X-pect 8321 (ambos se venden por separado)<\/span><\/li>\n<li><span class=\"a-list-item\">La caja contiene 20 respiradores de part\u00edculas Dr\u00e4ger X-plore 1350 N95 con certificaci\u00f3n NIOSH en tama\u00f1o S\/M<\/span><\/li>\n<\/ul>\n","protected":false},"excerpt":{"rendered":"<p>Sobre este art\u00edculo Protecci\u00f3n respiratoria N95: el respirador de part\u00edculas Dr\u00e4ger X-plore 1350 N95 con certificaci\u00f3n NIOSH es una m\u00e1scara antipolvo N95 moldeada, desechable, filtrando el 95% de las part\u00edculas del aire ambiental. Protecci\u00f3n contra el polvo fino, part\u00edculas s\u00f3lidas y l\u00edquidas. Ayuda, por ejemplo, contra el polen o part\u00edculas de lijado, molienda, carpinter\u00eda y &hellip;<\/p>\n<p class=\"read-more\"> <a class=\"\" href=\"https:\/\/corporacionsolintec.com\/tiendacr\/producto\/drager-x-plore-1350\/\"> <span class=\"screen-reader-text\">Dr\u00e4ger X-plore 1350<\/span> Leer m\u00e1s &raquo;<\/a><\/p>\n","protected":false},"featured_media":413,"comment_status":"open","ping_status":"closed","template":"","meta":{"site-sidebar-layout":"default","site-content-layout":"default","ast-global-header-display":"","ast-main-header-display":"","ast-hfb-above-header-display":"","ast-hfb-below-header-display":"","ast-hfb-mobile-header-display":"","site-post-title":"","ast-breadcrumbs-content":"","ast-featured-img":"","footer-sml-layout":"","theme-transparent-header-meta":"default","adv-header-id-meta":"","stick-header-meta":"","header-above-stick-meta":"","header-main-stick-meta":"","header-below-stick-meta":""},"product_cat":[24],"product_tag":[],"_links":{"self":[{"href":"https:\/\/corporacionsolintec.com\/tiendacr\/wp-json\/wp\/v2\/product\/412"}],"collection":[{"href":"https:\/\/corporacionsolintec.com\/tiendacr\/wp-json\/wp\/v2\/product"}],"about":[{"href":"https:\/\/corporacionsolintec.com\/tiendacr\/wp-json\/wp\/v2\/types\/product"}],"replies":[{"embeddable":true,"href":"https:\/\/corporacionsolintec.com\/tiendacr\/wp-json\/wp\/v2\/comments?post=412"}],"wp:featuredmedia":[{"embeddable":true,"href":"https:\/\/corporacionsolintec.com\/tiendacr\/wp-json\/wp\/v2\/media\/413"}],"wp:attachment":[{"href":"https:\/\/corporacionsolintec.com\/tiendacr\/wp-json\/wp\/v2\/media?parent=412"}],"wp:term":[{"taxonomy":"product_cat","embeddable":true,"href":"https:\/\/corporacionsolintec.com\/tiendacr\/wp-json\/wp\/v2\/product_cat?post=412"},{"taxonomy":"product_tag","embeddable":true,"href":"https:\/\/corporacionsolintec.com\/tiendacr\/wp-json\/wp\/v2\/product_tag?post=412"}],"curies":[{"name":"wp","href":"https:\/\/api.w.org\/{rel}","templated":true}]}}