{"id":417,"date":"2022-08-01T16:08:42","date_gmt":"2022-08-01T16:08:42","guid":{"rendered":"https:\/\/corporacionsolintec.com\/tiendacr\/?post_type=product&#038;p=417"},"modified":"2022-08-01T16:21:51","modified_gmt":"2022-08-01T16:21:51","slug":"drager-x-plore-1350-valvula","status":"publish","type":"product","link":"https:\/\/corporacionsolintec.com\/tiendacr\/producto\/drager-x-plore-1350-valvula\/","title":{"rendered":"Dr\u00e4ger X-plore 1350 Odor Particulate"},"content":{"rendered":"<h1 class=\"a-size-base-plus a-text-bold\">Sobre este art\u00edculo<\/h1>\n<ul class=\"a-unordered-list a-vertical a-spacing-mini\">\n<li><span class=\"a-list-item\">Protecci\u00f3n respiratoria N95: el respirador de part\u00edculas con v\u00e1lvula de exhalaci\u00f3n N95 con certificaci\u00f3n NIOSH X-plore 1350 N95 es una m\u00e1scara antipolvo moldeada y desechable N95 con capas especiales de protecci\u00f3n contra olores, filtrando olores org\u00e1nicos desagradables y el 95% de las part\u00edculas del aire ambiental. Ayuda, por ejemplo, contra el polen, part\u00edculas de lijado, molienda, carpinter\u00eda, contaminaci\u00f3n del aire y olores desagradables<\/span><\/li>\n<li><span class=\"a-list-item\">Arn\u00e9s de cabeza ajustable: gran comodidad gracias al arn\u00e9s de cabeza flexible, resistente a desgarros y ajustable. La m\u00e1scara antipolvo es f\u00e1cil de poner y quitar, creando comodidad con una presi\u00f3n m\u00ednima, no requiere clips<\/span><\/li>\n<li><span class=\"a-list-item\">Baja resistencia a la respiraci\u00f3n: la v\u00e1lvula de exhalaci\u00f3n CoolMAX fue dise\u00f1ada para guiar de manera \u00f3ptima el aire caliente exhalado fuera de la pieza facial, asegurando una baja resistencia a la respiraci\u00f3n y evitando la acumulaci\u00f3n de calor. El dise\u00f1o especial y la forma del cuerpo de la m\u00e1scara y su suave almohadilla de espuma absorbente de sudor ofrecen un sellado eficaz con amplio volumen interior para una gran comodidad de uso y f\u00e1cil comunicaci\u00f3n. El cuerpo est\u00e1 reforzado y mantiene su forma, recuperando su forma original, incluso cuando se aplasta<\/span><\/li>\n<li><span class=\"a-list-item\">Eficacia CoolSafe: el material del filtro CoolSafe combina varios medios de filtro de alto rendimiento: las part\u00edculas gruesas y finas se detienen eficazmente en las capas. La capa interior hipoalerg\u00e9nica es agradable para tu piel y repele la humedad, manteniendo el filtro seco, incluso durante largos per\u00edodos de tiempo<\/span><\/li>\n<li><span class=\"a-list-item\">La caja contiene 10 respiradores de part\u00edculas de olor aprobados por NIOSH, X-plore 1350 N95, con v\u00e1lvula de exhalaci\u00f3n y alivio de vapor org\u00e1nico de nivel de molestias en tama\u00f1o S\/M<\/span><\/li>\n<\/ul>\n","protected":false},"excerpt":{"rendered":"<p>Sobre este art\u00edculo Protecci\u00f3n respiratoria N95: el respirador de part\u00edculas con v\u00e1lvula de exhalaci\u00f3n N95 con certificaci\u00f3n NIOSH X-plore 1350 N95 es una m\u00e1scara antipolvo moldeada y desechable N95 con capas especiales de protecci\u00f3n contra olores, filtrando olores org\u00e1nicos desagradables y el 95% de las part\u00edculas del aire ambiental. Ayuda, por ejemplo, contra el polen, &hellip;<\/p>\n<p class=\"read-more\"> <a class=\"\" href=\"https:\/\/corporacionsolintec.com\/tiendacr\/producto\/drager-x-plore-1350-valvula\/\"> <span class=\"screen-reader-text\">Dr\u00e4ger X-plore 1350 Odor Particulate<\/span> Leer m\u00e1s &raquo;<\/a><\/p>\n","protected":false},"featured_media":424,"comment_status":"open","ping_status":"closed","template":"","meta":{"site-sidebar-layout":"default","site-content-layout":"default","ast-global-header-display":"","ast-main-header-display":"","ast-hfb-above-header-display":"","ast-hfb-below-header-display":"","ast-hfb-mobile-header-display":"","site-post-title":"","ast-breadcrumbs-content":"","ast-featured-img":"","footer-sml-layout":"","theme-transparent-header-meta":"default","adv-header-id-meta":"","stick-header-meta":"","header-above-stick-meta":"","header-main-stick-meta":"","header-below-stick-meta":""},"product_cat":[24],"product_tag":[],"_links":{"self":[{"href":"https:\/\/corporacionsolintec.com\/tiendacr\/wp-json\/wp\/v2\/product\/417"}],"collection":[{"href":"https:\/\/corporacionsolintec.com\/tiendacr\/wp-json\/wp\/v2\/product"}],"about":[{"href":"https:\/\/corporacionsolintec.com\/tiendacr\/wp-json\/wp\/v2\/types\/product"}],"replies":[{"embeddable":true,"href":"https:\/\/corporacionsolintec.com\/tiendacr\/wp-json\/wp\/v2\/comments?post=417"}],"wp:featuredmedia":[{"embeddable":true,"href":"https:\/\/corporacionsolintec.com\/tiendacr\/wp-json\/wp\/v2\/media\/424"}],"wp:attachment":[{"href":"https:\/\/corporacionsolintec.com\/tiendacr\/wp-json\/wp\/v2\/media?parent=417"}],"wp:term":[{"taxonomy":"product_cat","embeddable":true,"href":"https:\/\/corporacionsolintec.com\/tiendacr\/wp-json\/wp\/v2\/product_cat?post=417"},{"taxonomy":"product_tag","embeddable":true,"href":"https:\/\/corporacionsolintec.com\/tiendacr\/wp-json\/wp\/v2\/product_tag?post=417"}],"curies":[{"name":"wp","href":"https:\/\/api.w.org\/{rel}","templated":true}]}}