{"id":428,"date":"2022-08-01T16:23:26","date_gmt":"2022-08-01T16:23:26","guid":{"rendered":"https:\/\/corporacionsolintec.com\/tiendacr\/?post_type=product&#038;p=428"},"modified":"2022-08-01T16:25:51","modified_gmt":"2022-08-01T16:25:51","slug":"drager-x-plore-1350-valvula-2","status":"publish","type":"product","link":"https:\/\/corporacionsolintec.com\/tiendacr\/producto\/drager-x-plore-1350-valvula-2\/","title":{"rendered":"Dr\u00e4ger X-plore 1350 Valvula"},"content":{"rendered":"<h1 class=\"a-size-base-plus a-text-bold\">Sobre este art\u00edculo<\/h1>\n<ul class=\"a-unordered-list a-vertical a-spacing-mini\">\n<li><span class=\"a-list-item\">Protecci\u00f3n respiratoria N95: el respirador de part\u00edculas Dr\u00e4ger X-plore 1350 N95 certificado por NIOSH, con v\u00e1lvula de exhalaci\u00f3n es una m\u00e1scara de polvo N95 moldeada y desechable, filtrando el 95% de las part\u00edculas del aire ambiente. Protecci\u00f3n contra polvo fino, part\u00edculas s\u00f3lidas y l\u00edquidas. Ayuda, por ejemplo, contra el polen, part\u00edculas de lijado, molienda, carpinter\u00eda y contaminaci\u00f3n del aire<\/span><\/li>\n<li><span class=\"a-list-item\">Arn\u00e9s de cabeza ajustable: alta comodidad de uso gracias al arn\u00e9s de cabeza flexible, resistente a desgarros y ajustable. La m\u00e1scara antipolvo es f\u00e1cil de poner y quitar, creando comodidad con una presi\u00f3n m\u00ednima<\/span><\/li>\n<li><span class=\"a-list-item\">Alta comodidad de uso y baja resistencia a la respiraci\u00f3n: el material suave de la capa interior repele la humedad, incluso durante per\u00edodos de tiempo m\u00e1s largos. La v\u00e1lvula de exhalaci\u00f3n gu\u00eda el aire exhalado h\u00famedo y c\u00e1lido fuera de la m\u00e1scara y garantiza una baja resistencia a la respiraci\u00f3n. El cuerpo de la m\u00e1scara especialmente formado ofrece un amplio volumen interior que garantiza una alta comodidad de uso<\/span><\/li>\n<li><span class=\"a-list-item\">Equipo de seguridad compatible: la m\u00e1scara se puede utilizar con otros equipos de protecci\u00f3n personal de Dr\u00e4ger, como las gafas de seguridad Dr\u00e4ger X-pect 8320 o las gafas de seguridad Dr.ger X-pect 8321 (ambas se venden por separado)<\/span><\/li>\n<li><span class=\"a-list-item\">La caja contiene 10 respiradores de part\u00edculas Dr\u00e4ger X-plore 1350 N95 aprobados por NIOSHA con v\u00e1lvula de exhalaci\u00f3n en tama\u00f1o M\/L<\/span><\/li>\n<\/ul>\n","protected":false},"excerpt":{"rendered":"<p>Sobre este art\u00edculo Protecci\u00f3n respiratoria N95: el respirador de part\u00edculas Dr\u00e4ger X-plore 1350 N95 certificado por NIOSH, con v\u00e1lvula de exhalaci\u00f3n es una m\u00e1scara de polvo N95 moldeada y desechable, filtrando el 95% de las part\u00edculas del aire ambiente. Protecci\u00f3n contra polvo fino, part\u00edculas s\u00f3lidas y l\u00edquidas. Ayuda, por ejemplo, contra el polen, part\u00edculas de &hellip;<\/p>\n<p class=\"read-more\"> <a class=\"\" href=\"https:\/\/corporacionsolintec.com\/tiendacr\/producto\/drager-x-plore-1350-valvula-2\/\"> <span class=\"screen-reader-text\">Dr\u00e4ger X-plore 1350 Valvula<\/span> Leer m\u00e1s &raquo;<\/a><\/p>\n","protected":false},"featured_media":422,"comment_status":"open","ping_status":"closed","template":"","meta":{"site-sidebar-layout":"default","site-content-layout":"default","ast-global-header-display":"","ast-main-header-display":"","ast-hfb-above-header-display":"","ast-hfb-below-header-display":"","ast-hfb-mobile-header-display":"","site-post-title":"","ast-breadcrumbs-content":"","ast-featured-img":"","footer-sml-layout":"","theme-transparent-header-meta":"default","adv-header-id-meta":"","stick-header-meta":"","header-above-stick-meta":"","header-main-stick-meta":"","header-below-stick-meta":""},"product_cat":[24],"product_tag":[],"_links":{"self":[{"href":"https:\/\/corporacionsolintec.com\/tiendacr\/wp-json\/wp\/v2\/product\/428"}],"collection":[{"href":"https:\/\/corporacionsolintec.com\/tiendacr\/wp-json\/wp\/v2\/product"}],"about":[{"href":"https:\/\/corporacionsolintec.com\/tiendacr\/wp-json\/wp\/v2\/types\/product"}],"replies":[{"embeddable":true,"href":"https:\/\/corporacionsolintec.com\/tiendacr\/wp-json\/wp\/v2\/comments?post=428"}],"wp:featuredmedia":[{"embeddable":true,"href":"https:\/\/corporacionsolintec.com\/tiendacr\/wp-json\/wp\/v2\/media\/422"}],"wp:attachment":[{"href":"https:\/\/corporacionsolintec.com\/tiendacr\/wp-json\/wp\/v2\/media?parent=428"}],"wp:term":[{"taxonomy":"product_cat","embeddable":true,"href":"https:\/\/corporacionsolintec.com\/tiendacr\/wp-json\/wp\/v2\/product_cat?post=428"},{"taxonomy":"product_tag","embeddable":true,"href":"https:\/\/corporacionsolintec.com\/tiendacr\/wp-json\/wp\/v2\/product_tag?post=428"}],"curies":[{"name":"wp","href":"https:\/\/api.w.org\/{rel}","templated":true}]}}