{"id":455,"date":"2022-08-01T17:03:13","date_gmt":"2022-08-01T17:03:13","guid":{"rendered":"https:\/\/corporacionsolintec.com\/tiendacr\/?post_type=product&#038;p=455"},"modified":"2025-11-16T18:03:42","modified_gmt":"2025-11-16T18:03:42","slug":"drager-x-plore-5500-r56655","status":"publish","type":"product","link":"https:\/\/corporacionsolintec.com\/tiendacr\/producto\/drager-x-plore-5500-r56655\/","title":{"rendered":"Dr\u00e4ger X-plore 5500 &#8211; R56655"},"content":{"rendered":"<h1 id=\"tw-target-text\" class=\"tw-data-text tw-text-large tw-ta\" dir=\"ltr\" data-placeholder=\"Traducci\u00f3n\"><span class=\"Y2IQFc\" lang=\"es\">Dr\u00e4ger X-plore\u00ae 5500 Triple lente <\/span><\/h1>\n<h1 dir=\"ltr\" data-placeholder=\"Traducci\u00f3n\"><\/h1>\n<h1 class=\"tw-data-text tw-text-large tw-ta\" dir=\"ltr\" data-placeholder=\"Traducci\u00f3n\">Acerca de este producto<\/h1>\n<ul class=\"a-unordered-list a-vertical a-spacing-mini\">\n<li><span class=\"a-list-item\">EXCELENTE RESISTENCIA QU\u00cdMICA Y T\u00c9RMICA: Dr\u00e4ger X-plore 5500 es una m\u00e1scara respiratoria completa reutilizable, resistente a la suciedad y al envejecimiento, fabricada con materiales flexibles y respetuosos con la piel y con una excelente resistencia qu\u00edmica y t\u00e9rmica.<\/span><\/li>\n<li><span class=\"a-list-item\"><span class=\"a-list-item\">GRAN CAMPO DE VISI\u00d3N (180\u00b0): <\/span><\/span><span class=\"Y2IQFc\" lang=\"es\">Lente de vidrio laminado triplex para aplicaciones bajo condiciones extremas (temperatura, productos qu\u00edmicos, etc.).<\/span><\/li>\n<li>\n<p id=\"tw-target-text\" class=\"tw-data-text tw-text-large tw-ta\" dir=\"ltr\" data-placeholder=\"Traducci\u00f3n\"><span class=\"Y2IQFc\" lang=\"es\">Robusto marco de acero inoxidable<\/span><\/p>\n<\/li>\n<li>\n<p id=\"tw-target-text\" class=\"tw-data-text tw-text-large tw-ta\" dir=\"ltr\" data-placeholder=\"Traducci\u00f3n\"><span class=\"a-list-item\">CONEXI\u00d3N DE BAYONET: Gracias a la conexi\u00f3n de bayoneta, la m\u00e1scara antig\u00e1s puede utilizarse con cualquier filtro de bayoneta Dr\u00e4ger para protegerse de las sustancias t\u00f3xicas, durante la construcci\u00f3n, los trabajos qu\u00edmicos, la pintura, la manipulaci\u00f3n de HAZMAT.<\/span><\/p>\n<\/li>\n<li><span class=\"a-list-item\">SEGURO Y F\u00c1CIL DE USAR: F\u00e1cil de limpiar, poner y quitar. Las resistentes bandas de goma con hebillas de acero mantienen la m\u00e1scara c\u00f3modamente en su sitio, el marco de doble sellado garantiza la m\u00e1xima protecci\u00f3n.<\/span><\/li>\n<li><span class=\"a-list-item\">USO C\u00d3MODO Y CALIDAD CERTIFICADA: Gracias al cuerpo de la m\u00e1scara de EPDM y a un pr\u00e1ctico arn\u00e9s de 5 puntos para la cabeza, la m\u00e1scara es muy c\u00f3moda de llevar, incluso despu\u00e9s de varias horas de trabajo<\/span><\/li>\n<li>Aprobada por NIOSH<\/li>\n<li>\n<p id=\"tw-target-text\" class=\"tw-data-text tw-text-large tw-ta\" dir=\"ltr\" data-placeholder=\"Traducci\u00f3n\"><span class=\"Y2IQFc\" lang=\"es\">M\u00e1scara EPDM cuerpo con sello facial de doble capa para doble acci\u00f3n de sellado<\/span><\/p>\n<\/li>\n<li>Filtros de bayineta se venden por separado<\/li>\n<\/ul>\n","protected":false},"excerpt":{"rendered":"<p>Dr\u00e4ger X-plore\u00ae 5500 Triple lente Acerca de este producto EXCELENTE RESISTENCIA QU\u00cdMICA Y T\u00c9RMICA: Dr\u00e4ger X-plore 5500 es una m\u00e1scara respiratoria completa reutilizable, resistente a la suciedad y al envejecimiento, fabricada con materiales flexibles y respetuosos con la piel y con una excelente resistencia qu\u00edmica y t\u00e9rmica. GRAN CAMPO DE VISI\u00d3N (180\u00b0): Lente de vidrio &hellip;<\/p>\n<p class=\"read-more\"> <a class=\"\" href=\"https:\/\/corporacionsolintec.com\/tiendacr\/producto\/drager-x-plore-5500-r56655\/\"> <span class=\"screen-reader-text\">Dr\u00e4ger X-plore 5500 &#8211; R56655<\/span> Leer m\u00e1s &raquo;<\/a><\/p>\n","protected":false},"featured_media":456,"comment_status":"open","ping_status":"closed","template":"","meta":{"site-sidebar-layout":"default","site-content-layout":"default","ast-global-header-display":"","ast-main-header-display":"","ast-hfb-above-header-display":"","ast-hfb-below-header-display":"","ast-hfb-mobile-header-display":"","site-post-title":"","ast-breadcrumbs-content":"","ast-featured-img":"","footer-sml-layout":"","theme-transparent-header-meta":"default","adv-header-id-meta":"","stick-header-meta":"","header-above-stick-meta":"","header-main-stick-meta":"","header-below-stick-meta":""},"product_cat":[29],"product_tag":[],"_links":{"self":[{"href":"https:\/\/corporacionsolintec.com\/tiendacr\/wp-json\/wp\/v2\/product\/455"}],"collection":[{"href":"https:\/\/corporacionsolintec.com\/tiendacr\/wp-json\/wp\/v2\/product"}],"about":[{"href":"https:\/\/corporacionsolintec.com\/tiendacr\/wp-json\/wp\/v2\/types\/product"}],"replies":[{"embeddable":true,"href":"https:\/\/corporacionsolintec.com\/tiendacr\/wp-json\/wp\/v2\/comments?post=455"}],"wp:featuredmedia":[{"embeddable":true,"href":"https:\/\/corporacionsolintec.com\/tiendacr\/wp-json\/wp\/v2\/media\/456"}],"wp:attachment":[{"href":"https:\/\/corporacionsolintec.com\/tiendacr\/wp-json\/wp\/v2\/media?parent=455"}],"wp:term":[{"taxonomy":"product_cat","embeddable":true,"href":"https:\/\/corporacionsolintec.com\/tiendacr\/wp-json\/wp\/v2\/product_cat?post=455"},{"taxonomy":"product_tag","embeddable":true,"href":"https:\/\/corporacionsolintec.com\/tiendacr\/wp-json\/wp\/v2\/product_tag?post=455"}],"curies":[{"name":"wp","href":"https:\/\/api.w.org\/{rel}","templated":true}]}}