{"id":490,"date":"2022-08-01T20:50:14","date_gmt":"2022-08-01T20:50:14","guid":{"rendered":"https:\/\/corporacionsolintec.com\/tiendacr\/?post_type=product&#038;p=490"},"modified":"2022-08-01T20:56:31","modified_gmt":"2022-08-01T20:56:31","slug":"drager-x-pect-8240","status":"publish","type":"product","link":"https:\/\/corporacionsolintec.com\/tiendacr\/producto\/drager-x-pect-8240\/","title":{"rendered":"Dr\u00e4ger X-pect 8240"},"content":{"rendered":"<h1 class=\"a-size-base-plus a-text-bold\">Acerca de este producto<\/h1>\n<p>&nbsp;<\/p>\n<h6>Los lentes X-pect\u00ae8240 est\u00e1n dise\u00f1ados para ofrecer un ajuste \u00f3ptimo y un gran confort. Ofrecen una gran durabilidad gracias a sus materiales de alta calidad.<\/h6>\n<p>&nbsp;<\/p>\n<ul>\n<li><span class=\"a-list-item\">El material muy robusto y estable debido al material de policarbonato<\/span><\/li>\n<li><span class=\"a-list-item\">Marco de Nailon <\/span><\/li>\n<li><span class=\"a-list-item\">Protecci\u00f3n UV disponible y la mejor clase \u00f3ptica (clase 1) para trabajo continuo.<\/span><\/li>\n<li><span class=\"a-list-item\">Certificado EN 166: 2001<\/span><\/li>\n<li><span class=\"a-list-item\">Cumple con CE.<\/span><\/li>\n<li><span class=\"a-list-item\">Color de lente: Claro<\/span><\/li>\n<li><span class=\"a-list-item\">Protector de cejas<\/span><\/li>\n<li><span class=\"a-list-item\">Peso: 31 gramos<\/span><\/li>\n<li><span class=\"a-list-item\">Longitud ajustable<\/span><\/li>\n<li><span class=\"a-list-item\">Anti rayadura<\/span><\/li>\n<li><span class=\"a-list-item\">Anti empa\u00f1amiento<\/span><\/li>\n<li><span class=\"a-list-item\">Certificaci\u00f3n ANSI<\/span><\/li>\n<\/ul>\n","protected":false},"excerpt":{"rendered":"<p>Acerca de este producto &nbsp; Los lentes X-pect\u00ae8240 est\u00e1n dise\u00f1ados para ofrecer un ajuste \u00f3ptimo y un gran confort. Ofrecen una gran durabilidad gracias a sus materiales de alta calidad. &nbsp; El material muy robusto y estable debido al material de policarbonato Marco de Nailon Protecci\u00f3n UV disponible y la mejor clase \u00f3ptica (clase 1) &hellip;<\/p>\n<p class=\"read-more\"> <a class=\"\" href=\"https:\/\/corporacionsolintec.com\/tiendacr\/producto\/drager-x-pect-8240\/\"> <span class=\"screen-reader-text\">Dr\u00e4ger X-pect 8240<\/span> Leer m\u00e1s &raquo;<\/a><\/p>\n","protected":false},"featured_media":491,"comment_status":"open","ping_status":"closed","template":"","meta":{"site-sidebar-layout":"default","site-content-layout":"default","ast-global-header-display":"","ast-main-header-display":"","ast-hfb-above-header-display":"","ast-hfb-below-header-display":"","ast-hfb-mobile-header-display":"","site-post-title":"","ast-breadcrumbs-content":"","ast-featured-img":"","footer-sml-layout":"","theme-transparent-header-meta":"default","adv-header-id-meta":"","stick-header-meta":"","header-above-stick-meta":"","header-main-stick-meta":"","header-below-stick-meta":""},"product_cat":[30],"product_tag":[],"_links":{"self":[{"href":"https:\/\/corporacionsolintec.com\/tiendacr\/wp-json\/wp\/v2\/product\/490"}],"collection":[{"href":"https:\/\/corporacionsolintec.com\/tiendacr\/wp-json\/wp\/v2\/product"}],"about":[{"href":"https:\/\/corporacionsolintec.com\/tiendacr\/wp-json\/wp\/v2\/types\/product"}],"replies":[{"embeddable":true,"href":"https:\/\/corporacionsolintec.com\/tiendacr\/wp-json\/wp\/v2\/comments?post=490"}],"wp:featuredmedia":[{"embeddable":true,"href":"https:\/\/corporacionsolintec.com\/tiendacr\/wp-json\/wp\/v2\/media\/491"}],"wp:attachment":[{"href":"https:\/\/corporacionsolintec.com\/tiendacr\/wp-json\/wp\/v2\/media?parent=490"}],"wp:term":[{"taxonomy":"product_cat","embeddable":true,"href":"https:\/\/corporacionsolintec.com\/tiendacr\/wp-json\/wp\/v2\/product_cat?post=490"},{"taxonomy":"product_tag","embeddable":true,"href":"https:\/\/corporacionsolintec.com\/tiendacr\/wp-json\/wp\/v2\/product_tag?post=490"}],"curies":[{"name":"wp","href":"https:\/\/api.w.org\/{rel}","templated":true}]}}