{"id":495,"date":"2022-08-01T21:24:21","date_gmt":"2022-08-01T21:24:21","guid":{"rendered":"https:\/\/corporacionsolintec.com\/tiendacr\/?post_type=product&#038;p=495"},"modified":"2023-01-11T16:43:06","modified_gmt":"2023-01-11T16:43:06","slug":"drager-x-pect-8312","status":"publish","type":"product","link":"https:\/\/corporacionsolintec.com\/tiendacr\/producto\/drager-x-pect-8312\/","title":{"rendered":"Dr\u00e4ger X-pect 8312"},"content":{"rendered":"<h1 class=\"a-size-base-plus a-text-bold\">Acerca de este producto<\/h1>\n<p>&nbsp;<\/p>\n<h6>Las gafas de protecci\u00f3n X-pect 8312 ofrece un mejor contraste en condiciones de poca luz.<\/h6>\n<p>&nbsp;<\/p>\n<ul>\n<li>El material muy robusto y estable debido al material de policarbonato<\/li>\n<li>Adaptabilidad a cualquier tipo de protecci\u00f3n auditiva, cascos y semim\u00e1scaras.<\/li>\n<li>Protecci\u00f3n UV disponible y la mejor clase \u00f3ptica (clase 1) para trabajo continuo.<\/li>\n<li>Certificado EN 166: 2001.<\/li>\n<li>Cumple con CE.<\/li>\n<li>Color de lente: Amarillo.<\/li>\n<li>Peso: 24 gramos<\/li>\n<li>Anti rayaduras<\/li>\n<li>Anti empa\u00f1amiento<\/li>\n<\/ul>\n<p>&nbsp;<\/p>\n","protected":false},"excerpt":{"rendered":"<p>Acerca de este producto &nbsp; Las gafas de protecci\u00f3n X-pect 8312 ofrece un mejor contraste en condiciones de poca luz. &nbsp; El material muy robusto y estable debido al material de policarbonato Adaptabilidad a cualquier tipo de protecci\u00f3n auditiva, cascos y semim\u00e1scaras. Protecci\u00f3n UV disponible y la mejor clase \u00f3ptica (clase 1) para trabajo continuo. &hellip;<\/p>\n<p class=\"read-more\"> <a class=\"\" href=\"https:\/\/corporacionsolintec.com\/tiendacr\/producto\/drager-x-pect-8312\/\"> <span class=\"screen-reader-text\">Dr\u00e4ger X-pect 8312<\/span> Leer m\u00e1s &raquo;<\/a><\/p>\n","protected":false},"featured_media":496,"comment_status":"open","ping_status":"closed","template":"","meta":{"site-sidebar-layout":"default","site-content-layout":"default","ast-global-header-display":"","ast-main-header-display":"","ast-hfb-above-header-display":"","ast-hfb-below-header-display":"","ast-hfb-mobile-header-display":"","site-post-title":"","ast-breadcrumbs-content":"","ast-featured-img":"","footer-sml-layout":"","theme-transparent-header-meta":"default","adv-header-id-meta":"","stick-header-meta":"","header-above-stick-meta":"","header-main-stick-meta":"","header-below-stick-meta":""},"product_cat":[30],"product_tag":[],"_links":{"self":[{"href":"https:\/\/corporacionsolintec.com\/tiendacr\/wp-json\/wp\/v2\/product\/495"}],"collection":[{"href":"https:\/\/corporacionsolintec.com\/tiendacr\/wp-json\/wp\/v2\/product"}],"about":[{"href":"https:\/\/corporacionsolintec.com\/tiendacr\/wp-json\/wp\/v2\/types\/product"}],"replies":[{"embeddable":true,"href":"https:\/\/corporacionsolintec.com\/tiendacr\/wp-json\/wp\/v2\/comments?post=495"}],"wp:featuredmedia":[{"embeddable":true,"href":"https:\/\/corporacionsolintec.com\/tiendacr\/wp-json\/wp\/v2\/media\/496"}],"wp:attachment":[{"href":"https:\/\/corporacionsolintec.com\/tiendacr\/wp-json\/wp\/v2\/media?parent=495"}],"wp:term":[{"taxonomy":"product_cat","embeddable":true,"href":"https:\/\/corporacionsolintec.com\/tiendacr\/wp-json\/wp\/v2\/product_cat?post=495"},{"taxonomy":"product_tag","embeddable":true,"href":"https:\/\/corporacionsolintec.com\/tiendacr\/wp-json\/wp\/v2\/product_tag?post=495"}],"curies":[{"name":"wp","href":"https:\/\/api.w.org\/{rel}","templated":true}]}}