{"id":518,"date":"2022-08-01T22:06:19","date_gmt":"2022-08-01T22:06:19","guid":{"rendered":"https:\/\/corporacionsolintec.com\/tiendacr\/?post_type=product&#038;p=518"},"modified":"2022-08-01T22:11:28","modified_gmt":"2022-08-01T22:11:28","slug":"drager-x-pect-8510","status":"publish","type":"product","link":"https:\/\/corporacionsolintec.com\/tiendacr\/producto\/drager-x-pect-8510\/","title":{"rendered":"Dr\u00e4ger X-pect 8510"},"content":{"rendered":"<h1 class=\"a-size-base-plus a-text-bold\">Acerca de este producto<\/h1>\n<p>&nbsp;<\/p>\n<h6>Equipado con una lente de policarbonato resistente y un dise\u00f1o envolvente, brinda una protecci\u00f3n aut\u00e9ntica. Buena combinaci\u00f3n con protecci\u00f3n respiratoria.<\/h6>\n<p>&nbsp;<\/p>\n<ul>\n<li>Lente de policarbonato<\/li>\n<li>Marco de Cloruro de polivinilo<\/li>\n<li>Dise\u00f1adas para combinarse con gafas graduadas est\u00e1ndar.<\/li>\n<li>Protecci\u00f3n UV disponible y la mejor clase \u00f3ptica (clase 1) para trabajo continuo.<\/li>\n<li>Certificado EN 166: 2001<\/li>\n<li>Cumple con CE.<\/li>\n<li>Color de lente: Claro<\/li>\n<li>Protector de cejas<\/li>\n<li>Peso: 101 gramos<\/li>\n<li>Anti rayadura<\/li>\n<\/ul>\n<p>&nbsp;<\/p>\n","protected":false},"excerpt":{"rendered":"<p>Acerca de este producto &nbsp; Equipado con una lente de policarbonato resistente y un dise\u00f1o envolvente, brinda una protecci\u00f3n aut\u00e9ntica. Buena combinaci\u00f3n con protecci\u00f3n respiratoria. &nbsp; Lente de policarbonato Marco de Cloruro de polivinilo Dise\u00f1adas para combinarse con gafas graduadas est\u00e1ndar. Protecci\u00f3n UV disponible y la mejor clase \u00f3ptica (clase 1) para trabajo continuo. Certificado &hellip;<\/p>\n<p class=\"read-more\"> <a class=\"\" href=\"https:\/\/corporacionsolintec.com\/tiendacr\/producto\/drager-x-pect-8510\/\"> <span class=\"screen-reader-text\">Dr\u00e4ger X-pect 8510<\/span> Leer m\u00e1s &raquo;<\/a><\/p>\n","protected":false},"featured_media":519,"comment_status":"open","ping_status":"closed","template":"","meta":{"site-sidebar-layout":"default","site-content-layout":"default","ast-global-header-display":"","ast-main-header-display":"","ast-hfb-above-header-display":"","ast-hfb-below-header-display":"","ast-hfb-mobile-header-display":"","site-post-title":"","ast-breadcrumbs-content":"","ast-featured-img":"","footer-sml-layout":"","theme-transparent-header-meta":"default","adv-header-id-meta":"","stick-header-meta":"","header-above-stick-meta":"","header-main-stick-meta":"","header-below-stick-meta":""},"product_cat":[30],"product_tag":[],"_links":{"self":[{"href":"https:\/\/corporacionsolintec.com\/tiendacr\/wp-json\/wp\/v2\/product\/518"}],"collection":[{"href":"https:\/\/corporacionsolintec.com\/tiendacr\/wp-json\/wp\/v2\/product"}],"about":[{"href":"https:\/\/corporacionsolintec.com\/tiendacr\/wp-json\/wp\/v2\/types\/product"}],"replies":[{"embeddable":true,"href":"https:\/\/corporacionsolintec.com\/tiendacr\/wp-json\/wp\/v2\/comments?post=518"}],"wp:featuredmedia":[{"embeddable":true,"href":"https:\/\/corporacionsolintec.com\/tiendacr\/wp-json\/wp\/v2\/media\/519"}],"wp:attachment":[{"href":"https:\/\/corporacionsolintec.com\/tiendacr\/wp-json\/wp\/v2\/media?parent=518"}],"wp:term":[{"taxonomy":"product_cat","embeddable":true,"href":"https:\/\/corporacionsolintec.com\/tiendacr\/wp-json\/wp\/v2\/product_cat?post=518"},{"taxonomy":"product_tag","embeddable":true,"href":"https:\/\/corporacionsolintec.com\/tiendacr\/wp-json\/wp\/v2\/product_tag?post=518"}],"curies":[{"name":"wp","href":"https:\/\/api.w.org\/{rel}","templated":true}]}}