{"id":558,"date":"2022-08-01T22:38:19","date_gmt":"2022-08-01T22:38:19","guid":{"rendered":"https:\/\/corporacionsolintec.com\/tiendacr\/?post_type=product&#038;p=558"},"modified":"2022-08-01T22:42:12","modified_gmt":"2022-08-01T22:42:12","slug":"drager-parat-5520","status":"publish","type":"product","link":"https:\/\/corporacionsolintec.com\/tiendacr\/producto\/drager-parat-5520\/","title":{"rendered":"Dr\u00e4ger PARAT 5520"},"content":{"rendered":"<h1 class=\"a-size-base-plus a-text-bold\">Acerca de este producto<\/h1>\n<p>&nbsp;<\/p>\n<h6 id=\"title\" class=\"a-size-large a-spacing-none\"><span id=\"productTitle\" class=\"a-size-large product-title-word-break\">M\u00e1scara de Escape respiratoria ergon\u00f3mica con Filtro CO P2, Protecci\u00f3n Ante Gases de Incendio, vapores y combusti\u00f3n.<\/span><\/h6>\n<p>&nbsp;<\/p>\n<ul class=\"a-unordered-list a-vertical a-spacing-mini\">\n<li><span class=\"a-list-item\">MEJOR VISIBILIDAD: esta mascarilla de seguridad de Dr\u00e4ger cuenta con un dise\u00f1o innovador, c\u00f3modo y seguro, que permite gran visibilidad gracias al visor antiempa\u00f1ante integrado<\/span><\/li>\n<li><span class=\"a-list-item\">DISE\u00d1O PR\u00c1CTICO: Esta mascarilla respiratoria integra ergonom\u00eda y comodidad. Puede transportarse de manera muy f\u00e1cil con la ayuda de un cintur\u00f3n, pinza o correa de hombro<\/span><\/li>\n<li><span class=\"a-list-item\">PORTECCI\u00d3N SEGURA: La careta cuenta con un embalaje \u00absoft pack\u00bb que la protege del polvo, una v\u00e1lvula de exhalaci\u00f3n para mayor ventilaci\u00f3n y un filtro de alto rendimiento<\/span><\/li>\n<li><span class=\"a-list-item\">USO C\u00d3MODO: Adem\u00e1s de contar con un filtro de alto rendimiento, cuenta tambi\u00e9n con un cuello textil ajustable, proporcionado comodidad y seguridad, gracias a su cierre flexible<\/span><\/li>\n<li><span class=\"a-list-item\">DISE\u00d1O INNOVADOR: La m\u00e1scara es de color amarillo para llamar la atenci\u00f3n y ser mucho m\u00e1s f\u00e1cil de encontrar. El arn\u00e9s interno de la cabeza permite un ajuste autom\u00e1tico y c\u00f3modo<\/span><\/li>\n<\/ul>\n","protected":false},"excerpt":{"rendered":"<p>Acerca de este producto &nbsp; M\u00e1scara de Escape respiratoria ergon\u00f3mica con Filtro CO P2, Protecci\u00f3n Ante Gases de Incendio, vapores y combusti\u00f3n. &nbsp; MEJOR VISIBILIDAD: esta mascarilla de seguridad de Dr\u00e4ger cuenta con un dise\u00f1o innovador, c\u00f3modo y seguro, que permite gran visibilidad gracias al visor antiempa\u00f1ante integrado DISE\u00d1O PR\u00c1CTICO: Esta mascarilla respiratoria integra ergonom\u00eda &hellip;<\/p>\n<p class=\"read-more\"> <a class=\"\" href=\"https:\/\/corporacionsolintec.com\/tiendacr\/producto\/drager-parat-5520\/\"> <span class=\"screen-reader-text\">Dr\u00e4ger PARAT 5520<\/span> Leer m\u00e1s &raquo;<\/a><\/p>\n","protected":false},"featured_media":561,"comment_status":"open","ping_status":"closed","template":"","meta":{"site-sidebar-layout":"default","site-content-layout":"default","ast-global-header-display":"","ast-main-header-display":"","ast-hfb-above-header-display":"","ast-hfb-below-header-display":"","ast-hfb-mobile-header-display":"","site-post-title":"","ast-breadcrumbs-content":"","ast-featured-img":"","footer-sml-layout":"","theme-transparent-header-meta":"default","adv-header-id-meta":"","stick-header-meta":"","header-above-stick-meta":"","header-main-stick-meta":"","header-below-stick-meta":""},"product_cat":[27],"product_tag":[],"_links":{"self":[{"href":"https:\/\/corporacionsolintec.com\/tiendacr\/wp-json\/wp\/v2\/product\/558"}],"collection":[{"href":"https:\/\/corporacionsolintec.com\/tiendacr\/wp-json\/wp\/v2\/product"}],"about":[{"href":"https:\/\/corporacionsolintec.com\/tiendacr\/wp-json\/wp\/v2\/types\/product"}],"replies":[{"embeddable":true,"href":"https:\/\/corporacionsolintec.com\/tiendacr\/wp-json\/wp\/v2\/comments?post=558"}],"wp:featuredmedia":[{"embeddable":true,"href":"https:\/\/corporacionsolintec.com\/tiendacr\/wp-json\/wp\/v2\/media\/561"}],"wp:attachment":[{"href":"https:\/\/corporacionsolintec.com\/tiendacr\/wp-json\/wp\/v2\/media?parent=558"}],"wp:term":[{"taxonomy":"product_cat","embeddable":true,"href":"https:\/\/corporacionsolintec.com\/tiendacr\/wp-json\/wp\/v2\/product_cat?post=558"},{"taxonomy":"product_tag","embeddable":true,"href":"https:\/\/corporacionsolintec.com\/tiendacr\/wp-json\/wp\/v2\/product_tag?post=558"}],"curies":[{"name":"wp","href":"https:\/\/api.w.org\/{rel}","templated":true}]}}