{"id":562,"date":"2022-08-01T22:42:32","date_gmt":"2022-08-01T22:42:32","guid":{"rendered":"https:\/\/corporacionsolintec.com\/tiendacr\/?post_type=product&#038;p=562"},"modified":"2022-08-01T22:46:06","modified_gmt":"2022-08-01T22:46:06","slug":"drager-parat-5530","status":"publish","type":"product","link":"https:\/\/corporacionsolintec.com\/tiendacr\/producto\/drager-parat-5530\/","title":{"rendered":"Dr\u00e4ger PARAT 5530"},"content":{"rendered":"<h1 class=\"a-size-base-plus a-text-bold\">Acerca de este producto<\/h1>\n<p>&nbsp;<\/p>\n<h6 id=\"title\" class=\"a-size-large a-spacing-none\"><span id=\"productTitle\" class=\"a-size-large product-title-word-break\">M\u00e1scara de Escape respiratoria ergon\u00f3mica con Filtro CO P2, Protecci\u00f3n Ante Gases de Incendio, vapores y combusti\u00f3n.<\/span><\/h6>\n<p>&nbsp;<\/p>\n<ul class=\"a-unordered-list a-vertical a-spacing-mini\">\n<li><span class=\"a-list-item\">MEJOR VISIBILIDAD: Esta mascarilla respiratoria cuenta con un visor antiempa\u00f1ante integrado que permite al usuario tener una visibilidad m\u00e1s clara y amplia en casos de emergencia<\/span><\/li>\n<li><span class=\"a-list-item\">MAYOR SEGURIDAD: El equipo posee un filtro de alto rendimiento en presencia de gases, vapores y part\u00edculas de combusti\u00f3n t\u00f3xicas para respirar de forma segura durante una fuga<\/span><\/li>\n<li><span class=\"a-list-item\">MEJOR RESPIRACI\u00d3N: Adem\u00e1s de contar con un filtro de alto rendimiento, esta m\u00e1scara cuenta con una v\u00e1lvula de exhalaci\u00f3n que permite la salida m\u00e1s fluida y directa del aire<\/span><\/li>\n<li><span class=\"a-list-item\">EMPAQUE ROBUSTO: La careta viene en una carcasa pl\u00e1stica dura con abref\u00e1cil que la protege por mucho m\u00e1s tiempo contra part\u00edculas de polvo, l\u00edquidos y humedad que pueden da\u00f1arla<\/span><\/li>\n<li><span class=\"a-list-item\">DISE\u00d1O INNOVADOR: La m\u00e1scara es de color amarillo para llamar la atenci\u00f3n y ser mucho m\u00e1s f\u00e1cil de encontrar. El arn\u00e9s interno de la cabeza permite un ajuste autom\u00e1tico y c\u00f3modo<\/span><\/li>\n<\/ul>\n","protected":false},"excerpt":{"rendered":"<p>Acerca de este producto &nbsp; M\u00e1scara de Escape respiratoria ergon\u00f3mica con Filtro CO P2, Protecci\u00f3n Ante Gases de Incendio, vapores y combusti\u00f3n. &nbsp; MEJOR VISIBILIDAD: Esta mascarilla respiratoria cuenta con un visor antiempa\u00f1ante integrado que permite al usuario tener una visibilidad m\u00e1s clara y amplia en casos de emergencia MAYOR SEGURIDAD: El equipo posee un &hellip;<\/p>\n<p class=\"read-more\"> <a class=\"\" href=\"https:\/\/corporacionsolintec.com\/tiendacr\/producto\/drager-parat-5530\/\"> <span class=\"screen-reader-text\">Dr\u00e4ger PARAT 5530<\/span> Leer m\u00e1s &raquo;<\/a><\/p>\n","protected":false},"featured_media":564,"comment_status":"open","ping_status":"closed","template":"","meta":{"site-sidebar-layout":"default","site-content-layout":"default","ast-global-header-display":"","ast-main-header-display":"","ast-hfb-above-header-display":"","ast-hfb-below-header-display":"","ast-hfb-mobile-header-display":"","site-post-title":"","ast-breadcrumbs-content":"","ast-featured-img":"","footer-sml-layout":"","theme-transparent-header-meta":"default","adv-header-id-meta":"","stick-header-meta":"","header-above-stick-meta":"","header-main-stick-meta":"","header-below-stick-meta":""},"product_cat":[27],"product_tag":[],"_links":{"self":[{"href":"https:\/\/corporacionsolintec.com\/tiendacr\/wp-json\/wp\/v2\/product\/562"}],"collection":[{"href":"https:\/\/corporacionsolintec.com\/tiendacr\/wp-json\/wp\/v2\/product"}],"about":[{"href":"https:\/\/corporacionsolintec.com\/tiendacr\/wp-json\/wp\/v2\/types\/product"}],"replies":[{"embeddable":true,"href":"https:\/\/corporacionsolintec.com\/tiendacr\/wp-json\/wp\/v2\/comments?post=562"}],"wp:featuredmedia":[{"embeddable":true,"href":"https:\/\/corporacionsolintec.com\/tiendacr\/wp-json\/wp\/v2\/media\/564"}],"wp:attachment":[{"href":"https:\/\/corporacionsolintec.com\/tiendacr\/wp-json\/wp\/v2\/media?parent=562"}],"wp:term":[{"taxonomy":"product_cat","embeddable":true,"href":"https:\/\/corporacionsolintec.com\/tiendacr\/wp-json\/wp\/v2\/product_cat?post=562"},{"taxonomy":"product_tag","embeddable":true,"href":"https:\/\/corporacionsolintec.com\/tiendacr\/wp-json\/wp\/v2\/product_tag?post=562"}],"curies":[{"name":"wp","href":"https:\/\/api.w.org\/{rel}","templated":true}]}}