{"id":573,"date":"2022-08-01T22:53:53","date_gmt":"2022-08-01T22:53:53","guid":{"rendered":"https:\/\/corporacionsolintec.com\/tiendacr\/?post_type=product&#038;p=573"},"modified":"2022-08-01T22:57:42","modified_gmt":"2022-08-01T22:57:42","slug":"drager-parat-7530","status":"publish","type":"product","link":"https:\/\/corporacionsolintec.com\/tiendacr\/producto\/drager-parat-7530\/","title":{"rendered":"Dr\u00e4ger PARAT 7530"},"content":{"rendered":"<h1 class=\"a-size-base-plus a-text-bold\">Acerca de este producto<\/h1>\n<p>&nbsp;<\/p>\n<h6 id=\"title\" class=\"a-size-large a-spacing-none\"><span id=\"productTitle\" class=\"a-size-large product-title-word-break\">Capucha de Emergencia con Filtro Combinado ABEK CO P3, adecuada para \u00e1reas industriales y para el Escape en Caso de Incendio, empaquetado en un estuche plastico duro<br \/>\n<\/span><\/h6>\n<h6 id=\"title\" class=\"a-size-large a-spacing-none\"><span id=\"productTitle\" class=\"a-size-large product-title-word-break\">\u00a0<\/span><\/h6>\n<p>&nbsp;<\/p>\n<ul class=\"a-unordered-list a-vertical a-spacing-mini\">\n<li><span class=\"a-list-item\">PROTECCI\u00d3N CONTRA INCENDIOS: El Dr\u00e4ger PARAT 7520 es un cap\u00f3 autorrescatador que protege al usuario de los vapores t\u00f3xicos y qu\u00edmicos que se forman durante los incendios o las fugas de gas de las f\u00e1bricas o instalaciones industriales<\/span><\/li>\n<li><span class=\"a-list-item\">RENDIMIENTO \u00d3PTIMO: el filtro ABEK CO P3 proporciona una protecci\u00f3n ideal en caso de incendio. Se activa autom\u00e1ticamente y una v\u00e1lvula de exhalaci\u00f3n evacua el aire fuera de la m\u00e1scara<\/span><\/li>\n<li><span class=\"a-list-item\">M\u00c1XIMA COMODIDAD: este gorro tiene una cinta interior el\u00e1stica que se ajusta autom\u00e1ticamente. El cuello textil y la amplia visera antiniebla evitan las molestias<\/span><\/li>\n<li><span class=\"a-list-item\">CALIDAD INQUIETO: El cap\u00f3 amarillo es llamativo y f\u00e1cilmente visible incluso en un entorno con humo. La vida \u00fatil del cap\u00f3 es de 16 a\u00f1os<\/span><\/li>\n<li><span class=\"a-list-item\">SEGURIDAD CERTIFICADA: El pasamonta\u00f1as Dr\u00e4ger PARAT 7520 Soft Case est\u00e1 fabricado en Alemania seg\u00fan estrictas normas. Cuenta con la certificaci\u00f3n CE y cumple las normas EN 403:2004 y EN 14387:2004<\/span><\/li>\n<\/ul>\n","protected":false},"excerpt":{"rendered":"<p>Acerca de este producto &nbsp; Capucha de Emergencia con Filtro Combinado ABEK CO P3, adecuada para \u00e1reas industriales y para el Escape en Caso de Incendio, empaquetado en un estuche plastico duro \u00a0 &nbsp; PROTECCI\u00d3N CONTRA INCENDIOS: El Dr\u00e4ger PARAT 7520 es un cap\u00f3 autorrescatador que protege al usuario de los vapores t\u00f3xicos y qu\u00edmicos &hellip;<\/p>\n<p class=\"read-more\"> <a class=\"\" href=\"https:\/\/corporacionsolintec.com\/tiendacr\/producto\/drager-parat-7530\/\"> <span class=\"screen-reader-text\">Dr\u00e4ger PARAT 7530<\/span> Leer m\u00e1s &raquo;<\/a><\/p>\n","protected":false},"featured_media":564,"comment_status":"open","ping_status":"closed","template":"","meta":{"site-sidebar-layout":"default","site-content-layout":"default","ast-global-header-display":"","ast-main-header-display":"","ast-hfb-above-header-display":"","ast-hfb-below-header-display":"","ast-hfb-mobile-header-display":"","site-post-title":"","ast-breadcrumbs-content":"","ast-featured-img":"","footer-sml-layout":"","theme-transparent-header-meta":"default","adv-header-id-meta":"","stick-header-meta":"","header-above-stick-meta":"","header-main-stick-meta":"","header-below-stick-meta":""},"product_cat":[27],"product_tag":[],"_links":{"self":[{"href":"https:\/\/corporacionsolintec.com\/tiendacr\/wp-json\/wp\/v2\/product\/573"}],"collection":[{"href":"https:\/\/corporacionsolintec.com\/tiendacr\/wp-json\/wp\/v2\/product"}],"about":[{"href":"https:\/\/corporacionsolintec.com\/tiendacr\/wp-json\/wp\/v2\/types\/product"}],"replies":[{"embeddable":true,"href":"https:\/\/corporacionsolintec.com\/tiendacr\/wp-json\/wp\/v2\/comments?post=573"}],"wp:featuredmedia":[{"embeddable":true,"href":"https:\/\/corporacionsolintec.com\/tiendacr\/wp-json\/wp\/v2\/media\/564"}],"wp:attachment":[{"href":"https:\/\/corporacionsolintec.com\/tiendacr\/wp-json\/wp\/v2\/media?parent=573"}],"wp:term":[{"taxonomy":"product_cat","embeddable":true,"href":"https:\/\/corporacionsolintec.com\/tiendacr\/wp-json\/wp\/v2\/product_cat?post=573"},{"taxonomy":"product_tag","embeddable":true,"href":"https:\/\/corporacionsolintec.com\/tiendacr\/wp-json\/wp\/v2\/product_tag?post=573"}],"curies":[{"name":"wp","href":"https:\/\/api.w.org\/{rel}","templated":true}]}}