{"id":62,"date":"2022-07-27T22:12:32","date_gmt":"2022-07-27T22:12:32","guid":{"rendered":"https:\/\/corporacionsolintec.com\/tiendacr\/?post_type=product&#038;p=62"},"modified":"2023-01-11T16:43:06","modified_gmt":"2023-01-11T16:43:06","slug":"drager-x-plore-1750-n95-3951329","status":"publish","type":"product","link":"https:\/\/corporacionsolintec.com\/tiendacr\/producto\/drager-x-plore-1750-n95-3951329\/","title":{"rendered":"Dr\u00e4ger X-plore 1750 N95 3951329"},"content":{"rendered":"<h1 class=\"a-size-base-plus a-text-bold\">Sobre este art\u00edculo<\/h1>\n<ul class=\"a-unordered-list a-vertical a-spacing-mini\">\n<li><span class=\"a-list-item\">Cierre de Plegable.<\/span><\/li>\n<li><span class=\"a-list-item\">Esta m\u00e1scara de part\u00edculas N95 de alta calidad combina ingenier\u00eda alemana y los m\u00e1s altos est\u00e1ndares de producci\u00f3n de Estados Unidos. Las m\u00e1scaras se producen en nuestras<br \/>\n<\/span><\/li>\n<li><span class=\"a-list-item\">M\u00e1xima comodidad: gracias a sus correas el\u00e1sticas en la parte superior, la m\u00e1scara antipolvo N95 no ejerce ninguna presi\u00f3n sobre el cr\u00e1neo y se adapta perfectamente a la nariz y la boca. El material suave de la capa interior repele la humedad, manteniendo la resistencia a la respiraci\u00f3n constantemente baja.<\/span><\/li>\n<li><span class=\"a-list-item\">Excelente protecci\u00f3n: la m\u00e1scara X-plore 1750\u00a0 est\u00e1 hecha de 4 capas diferentes que protegen al usuario contra sustancias t\u00f3xicas y nocivas como granito, silicona, sodio y polvo de hormig\u00f3n.<\/span><\/li>\n<li><span class=\"a-list-item\">F\u00e1cil respiraci\u00f3n: gracias al eficiente material CoolSafe, el aire se filtra eficientemente de part\u00edculas potencialmente peligrosas. El respirador est\u00e1 certificado por NIOSHA y filtra el 95% de las part\u00edculas y aerosoles transportados por el aire.<\/span><\/li>\n<li><span class=\"a-list-item\">Contenido del env\u00edo: una caja de 20 m\u00e1scaras de protecci\u00f3n respiratoria X-plore 1750 , categor\u00eda de protecci\u00f3n N95 (protecci\u00f3n contra part\u00edculas) que permite el uso de gafas de seguridad.<\/span><\/li>\n<\/ul>\n","protected":false},"excerpt":{"rendered":"<p>Sobre este art\u00edculo Cierre de Plegable. Esta m\u00e1scara de part\u00edculas N95 de alta calidad combina ingenier\u00eda alemana y los m\u00e1s altos est\u00e1ndares de producci\u00f3n de Estados Unidos. Las m\u00e1scaras se producen en nuestras M\u00e1xima comodidad: gracias a sus correas el\u00e1sticas en la parte superior, la m\u00e1scara antipolvo N95 no ejerce ninguna presi\u00f3n sobre el cr\u00e1neo &hellip;<\/p>\n<p class=\"read-more\"> <a class=\"\" href=\"https:\/\/corporacionsolintec.com\/tiendacr\/producto\/drager-x-plore-1750-n95-3951329\/\"> <span class=\"screen-reader-text\">Dr\u00e4ger X-plore 1750 N95 3951329<\/span> Leer m\u00e1s &raquo;<\/a><\/p>\n","protected":false},"featured_media":63,"comment_status":"open","ping_status":"closed","template":"","meta":{"site-sidebar-layout":"default","site-content-layout":"default","ast-global-header-display":"","ast-main-header-display":"","ast-hfb-above-header-display":"","ast-hfb-below-header-display":"","ast-hfb-mobile-header-display":"","site-post-title":"","ast-breadcrumbs-content":"","ast-featured-img":"","footer-sml-layout":"","theme-transparent-header-meta":"default","adv-header-id-meta":"","stick-header-meta":"","header-above-stick-meta":"","header-main-stick-meta":"","header-below-stick-meta":""},"product_cat":[24],"product_tag":[],"_links":{"self":[{"href":"https:\/\/corporacionsolintec.com\/tiendacr\/wp-json\/wp\/v2\/product\/62"}],"collection":[{"href":"https:\/\/corporacionsolintec.com\/tiendacr\/wp-json\/wp\/v2\/product"}],"about":[{"href":"https:\/\/corporacionsolintec.com\/tiendacr\/wp-json\/wp\/v2\/types\/product"}],"replies":[{"embeddable":true,"href":"https:\/\/corporacionsolintec.com\/tiendacr\/wp-json\/wp\/v2\/comments?post=62"}],"wp:featuredmedia":[{"embeddable":true,"href":"https:\/\/corporacionsolintec.com\/tiendacr\/wp-json\/wp\/v2\/media\/63"}],"wp:attachment":[{"href":"https:\/\/corporacionsolintec.com\/tiendacr\/wp-json\/wp\/v2\/media?parent=62"}],"wp:term":[{"taxonomy":"product_cat","embeddable":true,"href":"https:\/\/corporacionsolintec.com\/tiendacr\/wp-json\/wp\/v2\/product_cat?post=62"},{"taxonomy":"product_tag","embeddable":true,"href":"https:\/\/corporacionsolintec.com\/tiendacr\/wp-json\/wp\/v2\/product_tag?post=62"}],"curies":[{"name":"wp","href":"https:\/\/api.w.org\/{rel}","templated":true}]}}