{"id":656,"date":"2022-08-03T23:30:58","date_gmt":"2022-08-03T23:30:58","guid":{"rendered":"https:\/\/corporacionsolintec.com\/tiendacr\/?post_type=product&#038;p=656"},"modified":"2022-08-11T22:08:57","modified_gmt":"2022-08-11T22:08:57","slug":"drager-spc-2400-pvc","status":"publish","type":"product","link":"https:\/\/corporacionsolintec.com\/tiendacr\/producto\/drager-spc-2400-pvc\/","title":{"rendered":"Dr\u00e4ger SPC 2400 PVC"},"content":{"rendered":"<p id=\"tw-target-text\" class=\"tw-data-text tw-text-large tw-ta\" dir=\"ltr\" data-placeholder=\"Traducci\u00f3n\"><span class=\"Y2IQFc\" lang=\"es\">El Dr\u00e4ger SPC 2400 PVC Lakeland es un mono con capucha para protecci\u00f3n contra productos qu\u00edmicos s\u00f3lidos y l\u00edquidos<\/span><\/p>\n<p class=\"tw-data-text tw-text-large tw-ta\" dir=\"ltr\" data-placeholder=\"Traducci\u00f3n\"><span class=\"Y2IQFc\" lang=\"es\">Aprobado seg\u00fan EN 14605 tipo 3 y 4. <\/span><\/p>\n<p class=\"tw-data-text tw-text-large tw-ta\" dir=\"ltr\" data-placeholder=\"Traducci\u00f3n\"><span class=\"Y2IQFc\" lang=\"es\">Material de PVC con soporte de tela, muy resistente. <\/span><\/p>\n<p class=\"tw-data-text tw-text-large tw-ta\" dir=\"ltr\" data-placeholder=\"Traducci\u00f3n\"><span class=\"Y2IQFc\" lang=\"es\">Especialmente herm\u00e9tico a los l\u00edquidos debido al dise\u00f1o especial de las cubiertas en el cap\u00f3 y cremallera. <\/span><\/p>\n<p class=\"tw-data-text tw-text-large tw-ta\" dir=\"ltr\" data-placeholder=\"Traducci\u00f3n\"><span class=\"Y2IQFc\" lang=\"es\">Ideal, por ej. para trabajos con equipos de limpieza a alta presi\u00f3n, etc.<\/span><\/p>\n<p dir=\"ltr\" data-placeholder=\"Traducci\u00f3n\">Color Amarillo<\/p>\n","protected":false},"excerpt":{"rendered":"<p><a href=\"https:\/\/www.draeger.com\/Products\/Content\/spc-2400-pi-9103471-es-es.pdf\">Ficha T\u00e9cnica<\/a><\/p>\n","protected":false},"featured_media":662,"comment_status":"open","ping_status":"closed","template":"","meta":{"site-sidebar-layout":"default","site-content-layout":"default","ast-global-header-display":"","ast-main-header-display":"","ast-hfb-above-header-display":"","ast-hfb-below-header-display":"","ast-hfb-mobile-header-display":"","site-post-title":"","ast-breadcrumbs-content":"","ast-featured-img":"","footer-sml-layout":"","theme-transparent-header-meta":"default","adv-header-id-meta":"","stick-header-meta":"","header-above-stick-meta":"","header-main-stick-meta":"","header-below-stick-meta":""},"product_cat":[33],"product_tag":[],"_links":{"self":[{"href":"https:\/\/corporacionsolintec.com\/tiendacr\/wp-json\/wp\/v2\/product\/656"}],"collection":[{"href":"https:\/\/corporacionsolintec.com\/tiendacr\/wp-json\/wp\/v2\/product"}],"about":[{"href":"https:\/\/corporacionsolintec.com\/tiendacr\/wp-json\/wp\/v2\/types\/product"}],"replies":[{"embeddable":true,"href":"https:\/\/corporacionsolintec.com\/tiendacr\/wp-json\/wp\/v2\/comments?post=656"}],"wp:featuredmedia":[{"embeddable":true,"href":"https:\/\/corporacionsolintec.com\/tiendacr\/wp-json\/wp\/v2\/media\/662"}],"wp:attachment":[{"href":"https:\/\/corporacionsolintec.com\/tiendacr\/wp-json\/wp\/v2\/media?parent=656"}],"wp:term":[{"taxonomy":"product_cat","embeddable":true,"href":"https:\/\/corporacionsolintec.com\/tiendacr\/wp-json\/wp\/v2\/product_cat?post=656"},{"taxonomy":"product_tag","embeddable":true,"href":"https:\/\/corporacionsolintec.com\/tiendacr\/wp-json\/wp\/v2\/product_tag?post=656"}],"curies":[{"name":"wp","href":"https:\/\/api.w.org\/{rel}","templated":true}]}}