{"id":731,"date":"2022-08-11T20:10:43","date_gmt":"2022-08-11T20:10:43","guid":{"rendered":"https:\/\/corporacionsolintec.com\/tiendacr\/?post_type=product&#038;p=731"},"modified":"2022-08-11T22:04:59","modified_gmt":"2022-08-11T22:04:59","slug":"drager-spc-4400-cpm","status":"publish","type":"product","link":"https:\/\/corporacionsolintec.com\/tiendacr\/producto\/drager-spc-4400-cpm\/","title":{"rendered":"Dr\u00e4ger SPC 4400 CPM"},"content":{"rendered":"<p id=\"title\" class=\"a-size-large a-spacing-none\"><span id=\"productTitle\" class=\"a-size-large product-title-word-break\">Dr\u00e4ger SPC 4400 CPM mono amarillo de seguridad y protecci\u00f3n laboral | Uso con respiradores y mascarillas | Industria de residuos desechos y agua<\/span><\/p>\n<p id=\"tw-target-text\" class=\"tw-data-text tw-text-large tw-ta\" dir=\"ltr\" data-placeholder=\"Traducci\u00f3n\"><span class=\"Y2IQFc\" lang=\"es\">\u00a0<\/span><\/p>\n<ul class=\"a-unordered-list a-vertical a-spacing-mini\">\n<li><span class=\"a-list-item\">BARRERA PROTECTORA: El mono de trabajo SPC 4400 CPM ofrece protecci\u00f3n ante trabajos de eliminaci\u00f3n de residuos y procesamiento de aguas. Protege contra desechos org\u00e1nicos e inorg\u00e1nicos y est\u00e1 antiest\u00e1ticamente equipado.<\/span><\/li>\n<li><span class=\"a-list-item\">F\u00c1CIL DE PONER Y QUITAR: La cremallera se encuentra en la parte frontal del traje de protecci\u00f3n. Con una cinta adhesiva en la solapa de la cubierta de la cremallera y un cierre seguro.<\/span><\/li>\n<li><span class=\"a-list-item\">Estilo del cuello: Banda<\/span><\/li>\n<li><span class=\"a-list-item\">COMPATIBILIDAD: Este overol desechable para hombres y mujeres es compatible con mascarillas y respiradores, como las Dr\u00e4ger X-plore 3300, X-plore 5500 entre otras.<\/span><\/li>\n<li><span class=\"a-list-item\">COMODIDAD &amp; SEGURIDAD: Los extremos de los brazos, las piernas y la capucha est\u00e1n equipados con una banda el\u00e1stica. El brazo termina con un bucle del pulgar. En amarillo para mayor visibilidad en sitios oscuros.<\/span><\/li>\n<li><span class=\"a-list-item\">CONFIABLE: Homologado en acuerdo con las normas EN 1149-5 (propiedades electrost\u00e1ticas), EN 14126 (agentes infecciosos), EN 1073 (part\u00edculas radiactivas). Almacenamiento de hasta 5 a\u00f1os.<\/span><\/li>\n<\/ul>\n<p>&nbsp;<\/p>\n","protected":false},"excerpt":{"rendered":"<p><a href=\"https:\/\/www.draeger.com\/Products\/Content\/spc-2400-pi-9103471-es-es.pdf\">Ficha T\u00e9cnica<\/a><\/p>\n","protected":false},"featured_media":742,"comment_status":"open","ping_status":"closed","template":"","meta":{"site-sidebar-layout":"default","site-content-layout":"default","ast-global-header-display":"","ast-main-header-display":"","ast-hfb-above-header-display":"","ast-hfb-below-header-display":"","ast-hfb-mobile-header-display":"","site-post-title":"","ast-breadcrumbs-content":"","ast-featured-img":"","footer-sml-layout":"","theme-transparent-header-meta":"default","adv-header-id-meta":"","stick-header-meta":"","header-above-stick-meta":"","header-main-stick-meta":"","header-below-stick-meta":""},"product_cat":[33],"product_tag":[],"_links":{"self":[{"href":"https:\/\/corporacionsolintec.com\/tiendacr\/wp-json\/wp\/v2\/product\/731"}],"collection":[{"href":"https:\/\/corporacionsolintec.com\/tiendacr\/wp-json\/wp\/v2\/product"}],"about":[{"href":"https:\/\/corporacionsolintec.com\/tiendacr\/wp-json\/wp\/v2\/types\/product"}],"replies":[{"embeddable":true,"href":"https:\/\/corporacionsolintec.com\/tiendacr\/wp-json\/wp\/v2\/comments?post=731"}],"wp:featuredmedia":[{"embeddable":true,"href":"https:\/\/corporacionsolintec.com\/tiendacr\/wp-json\/wp\/v2\/media\/742"}],"wp:attachment":[{"href":"https:\/\/corporacionsolintec.com\/tiendacr\/wp-json\/wp\/v2\/media?parent=731"}],"wp:term":[{"taxonomy":"product_cat","embeddable":true,"href":"https:\/\/corporacionsolintec.com\/tiendacr\/wp-json\/wp\/v2\/product_cat?post=731"},{"taxonomy":"product_tag","embeddable":true,"href":"https:\/\/corporacionsolintec.com\/tiendacr\/wp-json\/wp\/v2\/product_tag?post=731"}],"curies":[{"name":"wp","href":"https:\/\/api.w.org\/{rel}","templated":true}]}}