{"id":747,"date":"2022-08-11T20:28:39","date_gmt":"2022-08-11T20:28:39","guid":{"rendered":"https:\/\/corporacionsolintec.com\/tiendacr\/?post_type=product&#038;p=747"},"modified":"2022-08-11T22:02:20","modified_gmt":"2022-08-11T22:02:20","slug":"drager-spc-4400-clf","status":"publish","type":"product","link":"https:\/\/corporacionsolintec.com\/tiendacr\/producto\/drager-spc-4400-clf\/","title":{"rendered":"Dr\u00e4ger SPC 4400 CLF"},"content":{"rendered":"<p id=\"title\" class=\"a-size-large a-spacing-none\"><span id=\"productTitle\" class=\"a-size-large product-title-word-break\">Dr\u00e4ger SPC 4400 CLF Mono de protecci\u00f3n Profesional | Uso con mascarillas y respiradores para Industria farmac\u00e9utica, petrolera y qu\u00edmica<\/span><\/p>\n<p id=\"title\" class=\"a-size-large a-spacing-none\"><span id=\"productTitle\" class=\"a-size-large product-title-word-break\">\u00a0<\/span><\/p>\n<p id=\"tw-target-text\" class=\"tw-data-text tw-text-large tw-ta\" dir=\"ltr\" data-placeholder=\"Traducci\u00f3n\"><span class=\"Y2IQFc\" lang=\"es\">\u00a0<\/span><\/p>\n<ul class=\"a-unordered-list a-vertical a-spacing-mini\">\n<li><span class=\"a-list-item\">BARRERA PROTECTORA: El overall de trabajo SPC 4400 CLF ofrece seguridad ante qu\u00edmicos. Sirve para aislamiento de desechos org\u00e1nicos e inorg\u00e1nicos, absorbe la humedad y posee resistencia mec\u00e1nica. El overol es muy silencioso.<\/span><\/li>\n<li><span class=\"a-list-item\">F\u00c1CIL DE PONER Y QUITAR: La cremallera se encuentra en el lado frontal del traje de protecci\u00f3n sanitaria laboral y tiene un cierre de velcro que facilita su uso y garantiza protecci\u00f3n gracias a la tapa de la zona del cuello.<\/span><\/li>\n<li><span class=\"a-list-item\">COMPATIBILIDAD: Puede ser utilizado con mascarillas, semi-m\u00e1scaras, y respiradores, como las Dr\u00e4ger X-plore 1720, X-plore 3300, X-plore 5500.<\/span><\/li>\n<li><span class=\"a-list-item\">COMODIDAD: Los extremos de los brazos, las piernas y la capucha tienen una banda el\u00e1stica. El brazo termina con un bucle del pulgar que mantiene las mangas siempre estiradas.<\/span><\/li>\n<li><span class=\"a-list-item\">CONFIANZA &amp; DURABILIDAD: De color naranja para m\u00e1s visibilidad. Almacenamiento de hasta 10 a\u00f1os. Homologado seg\u00fan las normas EN 1149-5 (propiedades electrost\u00e1ticas), EN 1073 (part\u00edculas radiactivas) y EN 14126 (agentes infecciosos).<\/span><\/li>\n<\/ul>\n<p>&nbsp;<\/p>\n","protected":false},"excerpt":{"rendered":"<p><a href=\"https:\/\/www.draeger.com\/Products\/Content\/spc-2400-pi-9103471-es-es.pdf\">Ficha T\u00e9cnica<\/a><\/p>\n","protected":false},"featured_media":753,"comment_status":"open","ping_status":"closed","template":"","meta":{"site-sidebar-layout":"default","site-content-layout":"default","ast-global-header-display":"","ast-main-header-display":"","ast-hfb-above-header-display":"","ast-hfb-below-header-display":"","ast-hfb-mobile-header-display":"","site-post-title":"","ast-breadcrumbs-content":"","ast-featured-img":"","footer-sml-layout":"","theme-transparent-header-meta":"default","adv-header-id-meta":"","stick-header-meta":"","header-above-stick-meta":"","header-main-stick-meta":"","header-below-stick-meta":""},"product_cat":[33],"product_tag":[],"_links":{"self":[{"href":"https:\/\/corporacionsolintec.com\/tiendacr\/wp-json\/wp\/v2\/product\/747"}],"collection":[{"href":"https:\/\/corporacionsolintec.com\/tiendacr\/wp-json\/wp\/v2\/product"}],"about":[{"href":"https:\/\/corporacionsolintec.com\/tiendacr\/wp-json\/wp\/v2\/types\/product"}],"replies":[{"embeddable":true,"href":"https:\/\/corporacionsolintec.com\/tiendacr\/wp-json\/wp\/v2\/comments?post=747"}],"wp:featuredmedia":[{"embeddable":true,"href":"https:\/\/corporacionsolintec.com\/tiendacr\/wp-json\/wp\/v2\/media\/753"}],"wp:attachment":[{"href":"https:\/\/corporacionsolintec.com\/tiendacr\/wp-json\/wp\/v2\/media?parent=747"}],"wp:term":[{"taxonomy":"product_cat","embeddable":true,"href":"https:\/\/corporacionsolintec.com\/tiendacr\/wp-json\/wp\/v2\/product_cat?post=747"},{"taxonomy":"product_tag","embeddable":true,"href":"https:\/\/corporacionsolintec.com\/tiendacr\/wp-json\/wp\/v2\/product_tag?post=747"}],"curies":[{"name":"wp","href":"https:\/\/api.w.org\/{rel}","templated":true}]}}