{"id":759,"date":"2022-08-11T20:53:26","date_gmt":"2022-08-11T20:53:26","guid":{"rendered":"https:\/\/corporacionsolintec.com\/tiendacr\/?post_type=product&#038;p=759"},"modified":"2022-08-11T22:00:22","modified_gmt":"2022-08-11T22:00:22","slug":"drager-spc-4700-clf","status":"publish","type":"product","link":"https:\/\/corporacionsolintec.com\/tiendacr\/producto\/drager-spc-4700-clf\/","title":{"rendered":"Dr\u00e4ger SPC 4700 CLF"},"content":{"rendered":"<p id=\"tw-target-text\" class=\"tw-data-text tw-text-large tw-ta\" dir=\"ltr\" data-placeholder=\"Traducci\u00f3n\"><span class=\"Y2IQFc\" lang=\"es\">El traje de protecci\u00f3n contra salpicaduras de una pieza para uso limitado ofrece una \u00f3ptima protecci\u00f3n contra polvos ultrafinos y polvos, muchos concentrados \u00e1cidos inorg\u00e1nicos y \u00e1lcalis y es especialmente resistente contra un amplia gama de productos qu\u00edmicos org\u00e1nicos en forma l\u00edquida<\/span>.<\/p>\n<p><span class=\"Y2IQFc\" lang=\"es\">Configuraci\u00f3n: <\/span><\/p>\n<ul>\n<li><span class=\"Y2IQFc\" lang=\"es\">Material: CLF <\/span><\/li>\n<li><span class=\"Y2IQFc\" lang=\"es\">Color: naranja o blanco <\/span><\/li>\n<li><span class=\"Y2IQFc\" lang=\"es\">Capota con vista panor\u00e1mica <\/span><\/li>\n<li><span class=\"Y2IQFc\" lang=\"es\">Solapa de escape de seguridad debajo del cap\u00f3, marcada en color <\/span><\/li>\n<li><span class=\"Y2IQFc\" lang=\"es\">Guantes laminados soldados (Ansell AlphaTec\u00ae 02-100) con pu\u00f1o para cubrir el eje del guante <\/span><\/li>\n<li><span class=\"Y2IQFc\" lang=\"es\">Calcetines de material de traje con suela antideslizante (SPC 4700 blanco &#8211; se usan botas o zapatos dentro del traje) o calcetines hechos del material del traje con pu\u00f1os en las piernas (SPC 4700 naranja &#8211; se usan botas o zapatos fuera del traje) <\/span><\/li>\n<li><span class=\"Y2IQFc\" lang=\"es\">Los calcetines est\u00e1n equipados con cinta antiest\u00e1tica. <\/span><\/li>\n<li><span class=\"Y2IQFc\" lang=\"es\">Cremallera con doble solapa horizontal en la parte trasera <\/span><\/li>\n<li><span class=\"Y2IQFc\" lang=\"es\">Uso limitado <\/span><\/li>\n<li><span class=\"Y2IQFc\" lang=\"es\">Vida \u00fatil 10 a\u00f1os<\/span><\/li>\n<\/ul>\n<p>&nbsp;<\/p>\n","protected":false},"excerpt":{"rendered":"<p><a href=\"https:\/\/www.draeger.com\/Products\/Content\/spc-4700-cva-0700-pi-9106523-es-es.pdf\">Ficha T\u00e9cnica<\/a><\/p>\n","protected":false},"featured_media":765,"comment_status":"open","ping_status":"closed","template":"","meta":{"site-sidebar-layout":"default","site-content-layout":"default","ast-global-header-display":"","ast-main-header-display":"","ast-hfb-above-header-display":"","ast-hfb-below-header-display":"","ast-hfb-mobile-header-display":"","site-post-title":"","ast-breadcrumbs-content":"","ast-featured-img":"","footer-sml-layout":"","theme-transparent-header-meta":"default","adv-header-id-meta":"","stick-header-meta":"","header-above-stick-meta":"","header-main-stick-meta":"","header-below-stick-meta":""},"product_cat":[33],"product_tag":[],"_links":{"self":[{"href":"https:\/\/corporacionsolintec.com\/tiendacr\/wp-json\/wp\/v2\/product\/759"}],"collection":[{"href":"https:\/\/corporacionsolintec.com\/tiendacr\/wp-json\/wp\/v2\/product"}],"about":[{"href":"https:\/\/corporacionsolintec.com\/tiendacr\/wp-json\/wp\/v2\/types\/product"}],"replies":[{"embeddable":true,"href":"https:\/\/corporacionsolintec.com\/tiendacr\/wp-json\/wp\/v2\/comments?post=759"}],"wp:featuredmedia":[{"embeddable":true,"href":"https:\/\/corporacionsolintec.com\/tiendacr\/wp-json\/wp\/v2\/media\/765"}],"wp:attachment":[{"href":"https:\/\/corporacionsolintec.com\/tiendacr\/wp-json\/wp\/v2\/media?parent=759"}],"wp:term":[{"taxonomy":"product_cat","embeddable":true,"href":"https:\/\/corporacionsolintec.com\/tiendacr\/wp-json\/wp\/v2\/product_cat?post=759"},{"taxonomy":"product_tag","embeddable":true,"href":"https:\/\/corporacionsolintec.com\/tiendacr\/wp-json\/wp\/v2\/product_tag?post=759"}],"curies":[{"name":"wp","href":"https:\/\/api.w.org\/{rel}","templated":true}]}}