{"id":96,"date":"2022-07-27T23:01:24","date_gmt":"2022-07-27T23:01:24","guid":{"rendered":"https:\/\/corporacionsolintec.com\/tiendacr\/?post_type=product&#038;p=96"},"modified":"2022-08-09T14:51:47","modified_gmt":"2022-08-09T14:51:47","slug":"drager-x-plore-3300","status":"publish","type":"product","link":"https:\/\/corporacionsolintec.com\/tiendacr\/producto\/drager-x-plore-3300\/","title":{"rendered":"Dr\u00e4ger X-plore 3300"},"content":{"rendered":"<h1 class=\"a-size-base-plus a-text-bold\">Sobre este art\u00edculo<\/h1>\n<ul class=\"a-unordered-list a-vertical a-spacing-mini\">\n<li><span class=\"a-list-item\">Calidad: la Dr\u00e4ger X-plore 3300 es una m\u00e1scara respiradora ligera y de bajo mantenimiento aprobada por NIOSH para diversas aplicaciones. La m\u00e1scara solo se puede utilizar con filtros de bayoneta Dr\u00e4ger X-plore que se venden por separado.<\/span><\/li>\n<li><span class=\"a-list-item\">Seguridad y excelente campo de visi\u00f3n: el sistema de filtro doble permite el posicionamiento lateral de los filtros para un excelente campo de visi\u00f3n. Montaje f\u00e1cil y seguro de los filtros gracias a la conexi\u00f3n tipo bayoneta<\/span><\/li>\n<li><span class=\"a-list-item\">Sellado herm\u00e9tico: excelente sellado herm\u00e9tico sin derivaci\u00f3n de polvo, hecho de material TPE suave y agradable al tacto.<\/span><\/li>\n<li><span class=\"a-list-item\">Correas ajustables: arn\u00e9s de cabeza c\u00f3modo y flexible con correas f\u00e1cilmente ajustables para evitar el desplazamiento mientras proporciona una distribuci\u00f3n \u00f3ptima de la presi\u00f3n.<\/span><\/li>\n<li><span class=\"a-list-item\">La caja contiene una m\u00e1scara respiradora Dr\u00e4ger X-plore 3300 en tama\u00f1o M. Los filtros y cartuchos se venden por separado en este art\u00edculo. Ver a continuaci\u00f3n una lista completa de filtros y cartuchos de bayoneta Dr\u00e4ger X-plore.<\/span><\/li>\n<\/ul>\n","protected":false},"excerpt":{"rendered":"<p>Sobre este art\u00edculo Calidad: la Dr\u00e4ger X-plore 3300 es una m\u00e1scara respiradora ligera y de bajo mantenimiento aprobada por NIOSH para diversas aplicaciones. La m\u00e1scara solo se puede utilizar con filtros de bayoneta Dr\u00e4ger X-plore que se venden por separado. Seguridad y excelente campo de visi\u00f3n: el sistema de filtro doble permite el posicionamiento lateral &hellip;<\/p>\n<p class=\"read-more\"> <a class=\"\" href=\"https:\/\/corporacionsolintec.com\/tiendacr\/producto\/drager-x-plore-3300\/\"> <span class=\"screen-reader-text\">Dr\u00e4ger X-plore 3300<\/span> Leer m\u00e1s &raquo;<\/a><\/p>\n","protected":false},"featured_media":97,"comment_status":"open","ping_status":"closed","template":"","meta":{"site-sidebar-layout":"default","site-content-layout":"default","ast-global-header-display":"","ast-main-header-display":"","ast-hfb-above-header-display":"","ast-hfb-below-header-display":"","ast-hfb-mobile-header-display":"","site-post-title":"","ast-breadcrumbs-content":"","ast-featured-img":"","footer-sml-layout":"","theme-transparent-header-meta":"default","adv-header-id-meta":"","stick-header-meta":"","header-above-stick-meta":"","header-main-stick-meta":"","header-below-stick-meta":""},"product_cat":[26],"product_tag":[],"_links":{"self":[{"href":"https:\/\/corporacionsolintec.com\/tiendacr\/wp-json\/wp\/v2\/product\/96"}],"collection":[{"href":"https:\/\/corporacionsolintec.com\/tiendacr\/wp-json\/wp\/v2\/product"}],"about":[{"href":"https:\/\/corporacionsolintec.com\/tiendacr\/wp-json\/wp\/v2\/types\/product"}],"replies":[{"embeddable":true,"href":"https:\/\/corporacionsolintec.com\/tiendacr\/wp-json\/wp\/v2\/comments?post=96"}],"wp:featuredmedia":[{"embeddable":true,"href":"https:\/\/corporacionsolintec.com\/tiendacr\/wp-json\/wp\/v2\/media\/97"}],"wp:attachment":[{"href":"https:\/\/corporacionsolintec.com\/tiendacr\/wp-json\/wp\/v2\/media?parent=96"}],"wp:term":[{"taxonomy":"product_cat","embeddable":true,"href":"https:\/\/corporacionsolintec.com\/tiendacr\/wp-json\/wp\/v2\/product_cat?post=96"},{"taxonomy":"product_tag","embeddable":true,"href":"https:\/\/corporacionsolintec.com\/tiendacr\/wp-json\/wp\/v2\/product_tag?post=96"}],"curies":[{"name":"wp","href":"https:\/\/api.w.org\/{rel}","templated":true}]}}