{"id":971,"date":"2022-08-30T17:12:35","date_gmt":"2022-08-30T17:12:35","guid":{"rendered":"https:\/\/corporacionsolintec.com\/tiendacr\/?post_type=product&#038;p=971"},"modified":"2022-08-30T17:56:44","modified_gmt":"2022-08-30T17:56:44","slug":"drager-pac-6000","status":"publish","type":"product","link":"https:\/\/corporacionsolintec.com\/tiendacr\/producto\/drager-pac-6000\/","title":{"rendered":"Dr\u00e4ger Pac 6000"},"content":{"rendered":"<p>El dispositivo personal de detecci\u00f3n monog\u00e1s y vida limitada\u00a0Dr\u00e4ger Pac<sup>\u00ae<\/sup>\u00a06000\u00a0mide CO, H<sub>2<\/sub>S, SO2\u00a0u O<sub>2<\/sub>\u00a0de forma fiable y precisa, incluso en las condiciones m\u00e1s exigentes. Su robusto dise\u00f1o, los r\u00e1pidos tiempos de respuesta del sensor y la potente bater\u00eda garantizan una seguridad m\u00e1xima por un periodo de hasta dos a\u00f1os sin precisar apenas mantenimiento.<\/p>\n<header class=\"accordion-header active\">\n<div class=\"left\">\n<h6>\u200bDetector monog\u00e1s<\/h6>\n<\/div>\n<\/header>\n<div class=\"accordion-panel\">\n<ul>\n<li>Para la monitorizaci\u00f3n personal de aire<\/li>\n<li>Detecci\u00f3n de mon\u00f3xido de carbono, ox\u00edgeno, \u00e1cido sulfh\u00eddrico o di\u00f3xido de azufre<\/li>\n<li>Vida \u00fatil hasta dos a\u00f1os<\/li>\n<\/ul>\n<header class=\"accordion-header active\">\n<div class=\"left\">\n<h6>Gran rendimiento para una m\u00e1xima seguridad<\/h6>\n<\/div>\n<\/header>\n<div class=\"accordion-panel\">\n<ul>\n<li>Puede confiar en el Dr\u00e4ger Pac 6000: El equipo de detecci\u00f3n personal de un solo gas advierte de concentraciones peligrosas de mon\u00f3xido de carbono, \u00e1cido sulfh\u00eddrico, di\u00f3xido de azufre u ox\u00edgeno con gran precisi\u00f3n y fiabilidad.<\/li>\n<li>Los potentes sensores, con un tiempo de respuesta t-90 muy bajo, garantizan una r\u00e1pida reacci\u00f3n.\u00a0El Pac 6000\u00a0es vers\u00e1til gracias a su extenso rango de medici\u00f3n. Por ejemplo, el sensor de CO mide las concentraciones de 1 a\u00a01,999 ppm, y el sensor de H<sub>2<\/sub>S, de 0,4 a\u00a0100 ppm.<\/li>\n<\/ul>\n<header class=\"accordion-header active\">\n<div class=\"left\">\n<h6>F\u00e1cil manejo gracias a una gu\u00eda clara para el usuario<\/h6>\n<\/div>\n<\/header>\n<div class=\"accordion-panel\">\n<ul>\n<li>La luz D indica si se ha comprobado el funcionamiento del dispositivo y si est\u00e1 listo para su uso. La carcasa tambi\u00e9n se ha dise\u00f1ado poniendo \u00e9nfasis en la seguridad: cada tipo de sensor del\u00a0Dr\u00e4ger Pac 6000\u00a0cuenta con un c\u00f3digo de colores claro y bien visible, lo que reduce la posibilidad de cometer errores.<\/li>\n<\/ul>\n<header class=\"accordion-header active\">\n<div class=\"left\">\n<h6>Dise\u00f1o robusto, incluso para las condiciones m\u00e1s exigentes<\/h6>\n<\/div>\n<\/header>\n<div class=\"accordion-panel\">\n<ul>\n<li>El Pac 6000 puede afrontar f\u00e1cilmente las condiciones m\u00e1s extremas: dependiendo del sensor, puede tolerar temperaturas de -40 \u00b0C a 55 \u00b0C y presiones de aire entre 700 y 1300 mbar.<\/li>\n<li>Un filtro de membrana protege el sensor de la entrada de elementos extra\u00f1os, como polvo y l\u00edquidos. La carcasa a prueba de golpes y resistente a los productos qu\u00edmicos cumple con los requisitos especificados de la norma IP68<\/li>\n<\/ul>\n<header class=\"accordion-header active\">\n<div class=\"left\">\n<h6>Pantalla f\u00e1cil de usar con toda la informaci\u00f3n importante<\/h6>\n<\/div>\n<\/header>\n<div class=\"accordion-panel\">\n<ul>\n<li>\u200bLa pantalla, de gran tama\u00f1o y sin texto, indica claramente la concentraci\u00f3n del gas respectivo. Tambi\u00e9n se muestran otros datos importantes, como el tiempo de funcionamiento restante y la capacidad de la bater\u00eda. Su retroiluminaci\u00f3n permite una lectura clara de todos los valores en la oscuridadAlarma 360\u00b0 con varias funciones<\/li>\n<\/ul>\n<header class=\"accordion-header active\">\n<div class=\"left\">\n<h6>Alarma 360\u00b0 con varias funciones<\/h6>\n<\/div>\n<\/header>\n<div class=\"accordion-panel\">\n<ul>\n<li>Si el Dr\u00e4ger Pac 6000 detecta concentraciones de gas peligrosas, emite una alarma ac\u00fastica, visual y vibratoria perceptible. Los dos LED intermitentes y luminosos de la parte superior e inferior del dispositivo garantizan que la alarma sea f\u00e1cilmente visible desde cualquier \u00e1ngulo. La se\u00f1al ac\u00fastica alcanza un volumen de\u00a090\u00a0dB. La pantalla puede mostrar la concentraci\u00f3n m\u00e1xima que se haya medido en cualquier momento. Tambi\u00e9n pueden recuperarse alarmas registradas con anterioridad, aun cuando hayan sido validadas.<\/li>\n<li>Adem\u00e1s del umbral de configuraci\u00f3n est\u00e1ndar, el Pac 6000 con sensor de ox\u00edgeno presenta dos umbrales de alarma adicionales.<\/li>\n<\/ul>\n<header class=\"accordion-header active\">\n<div class=\"left\">\n<h6>Registrador de eventos para an\u00e1lisis e informes<\/h6>\n<\/div>\n<\/header>\n<div class=\"accordion-panel\">\n<ul>\n<li>\u200bEl Dr\u00e4ger Pac 6000 registra las concentraciones y los eventos junto con la fecha y la hora. Los datos pueden descargarse en un ordenador a trav\u00e9s de una interfaz para su posterior procesamiento.<\/li>\n<\/ul>\n<header class=\"accordion-header active\">\n<div class=\"left\">\n<h6>Bajo coste operativo<\/h6>\n<\/div>\n<\/header>\n<div class=\"accordion-panel\">\n<ul>\n<li>Todas las versiones del Pac 6000 est\u00e1n equipadas con Dr\u00e4gerSensors<sup>\u00ae<\/sup>\u00a0extraordinariamente duraderos, y con una potente bater\u00eda. No es necesario cambiar ni el sensor ni la bater\u00eda durante sus dos a\u00f1os de vida \u00fatil sin mantenimiento en las versiones de H<sub>2<\/sub>S, SO<sub>2<\/sub>\u00a0y CO. La vida \u00fatil del\u00a0Dr\u00e4ger Pac 6000\u00a0comienza cuando se activa por primera vez. El dispositivo se desactiva autom\u00e1ticamente transcurridos dos a\u00f1os.<\/li>\n<li>El Pac 6000 es resistente al agua, al polvo y a otros cuerpos extra\u00f1os gracias a su filtro de membrana especial. Cuando el filtro se llena de suciedad, puede reemplazarlo usted mismo con toda facilidad y rapidez. El dispositivo estar\u00e1 listo para su uso en solo unos instantes.<\/li>\n<\/ul>\n<header class=\"accordion-header active\">\n<div class=\"left\">\n<h6>La r\u00e1pida prueba de funcionamiento ahorra tiempo y dinero<\/h6>\n<\/div>\n<\/header>\n<div class=\"accordion-panel\">\n<ul>\n<li>Las pruebas de funcionamiento y las calibraciones se pueden llevar a cabo, con especial eficacia, utilizando la estaci\u00f3n de calibraci\u00f3n Dr\u00e4ger X-dock<sup>\u00ae<\/sup>. Las pruebas autom\u00e1ticas de funcionamiento de la estaci\u00f3n X-dock constituyen una soluci\u00f3n pr\u00e1ctica y rentable gracias a su corta duraci\u00f3n y a un consumo de gas de prueba extremadamente bajo. Basta con colocar el Dr\u00e4ger\u00a0Pac 6000\u00a0en la estaci\u00f3n de prueba de funcionamiento y se selecciona autom\u00e1ticamente el ajuste correcto.<\/li>\n<\/ul>\n<\/div>\n<\/div>\n<\/div>\n<\/div>\n<\/div>\n<\/div>\n<\/div>\n<\/div>\n<\/div>\n","protected":false},"excerpt":{"rendered":"<p><a href=\"https:\/\/www.draeger.com\/Products\/Content\/pac-6000-pi-9108933-es-es.pdf\">Ficha t\u00e9cnica<\/a><\/p>\n","protected":false},"featured_media":980,"comment_status":"open","ping_status":"closed","template":"","meta":{"site-sidebar-layout":"default","site-content-layout":"default","ast-global-header-display":"","ast-main-header-display":"","ast-hfb-above-header-display":"","ast-hfb-below-header-display":"","ast-hfb-mobile-header-display":"","site-post-title":"","ast-breadcrumbs-content":"","ast-featured-img":"","footer-sml-layout":"","theme-transparent-header-meta":"default","adv-header-id-meta":"","stick-header-meta":"","header-above-stick-meta":"","header-main-stick-meta":"","header-below-stick-meta":""},"product_cat":[64],"product_tag":[],"_links":{"self":[{"href":"https:\/\/corporacionsolintec.com\/tiendacr\/wp-json\/wp\/v2\/product\/971"}],"collection":[{"href":"https:\/\/corporacionsolintec.com\/tiendacr\/wp-json\/wp\/v2\/product"}],"about":[{"href":"https:\/\/corporacionsolintec.com\/tiendacr\/wp-json\/wp\/v2\/types\/product"}],"replies":[{"embeddable":true,"href":"https:\/\/corporacionsolintec.com\/tiendacr\/wp-json\/wp\/v2\/comments?post=971"}],"wp:featuredmedia":[{"embeddable":true,"href":"https:\/\/corporacionsolintec.com\/tiendacr\/wp-json\/wp\/v2\/media\/980"}],"wp:attachment":[{"href":"https:\/\/corporacionsolintec.com\/tiendacr\/wp-json\/wp\/v2\/media?parent=971"}],"wp:term":[{"taxonomy":"product_cat","embeddable":true,"href":"https:\/\/corporacionsolintec.com\/tiendacr\/wp-json\/wp\/v2\/product_cat?post=971"},{"taxonomy":"product_tag","embeddable":true,"href":"https:\/\/corporacionsolintec.com\/tiendacr\/wp-json\/wp\/v2\/product_tag?post=971"}],"curies":[{"name":"wp","href":"https:\/\/api.w.org\/{rel}","templated":true}]}}